{"id":15,"date":"2024-04-02T18:24:54","date_gmt":"2024-04-02T18:24:54","guid":{"rendered":"https:\/\/audilatinoamerica-contact.com\/ec\/?page_id=15"},"modified":"2024-06-04T18:10:07","modified_gmt":"2024-06-04T18:10:07","slug":"terms","status":"publish","type":"page","link":"https:\/\/audilatinoamerica-contact.com\/ec\/terms\/","title":{"rendered":"Aviso legal"},"content":{"rendered":"\n<p>Por favor, t\u00f3mese un momento para leer los siguientes descargos de responsabilidad. Para obtener m\u00e1s informaci\u00f3n sobre todos estos temas, consulte el manual del propietario o visite su concesionario autorizado local. Si no est\u00e1 de acuerdo con estos t\u00e9rminos de uso, descon\u00e9ctese y no utilice este sitio web.<\/p>\n\n\n\n<p><strong>INFORMACI\u00d3N DEL IMPORTADOR DE AUDI ECUADOR:<\/strong><\/p>\n\n\n\n<p><strong>Raz\u00f3n social:<\/strong> &nbsp;GERMANMOTORS S.A.<br><strong>RUC:<\/strong>&nbsp;1792121795001<br><strong>Direcci\u00f3n:&nbsp;<\/strong>Av. De Los Granados E14-70 E Isla Marchena<br><strong>Tel\u00e9fono:<\/strong>&nbsp;022264380<\/p>\n\n\n\n<p><strong>PROPIEDAD INTELECTUAL:<\/strong><\/p>\n\n\n\n<p>Todos los derechos de propiedad intelectual sobre el contenido de este sitio web, incluyendo pero no limitado a textos, gr\u00e1ficos, logotipos, im\u00e1genes y software, son propiedad de Audi o de sus licenciantes. Est\u00e1 prohibida la reproducci\u00f3n, distribuci\u00f3n, modificaci\u00f3n o cualquier otro uso no autorizado del contenido sin el consentimiento previo por escrito.<\/p>\n\n\n\n<p>Ni el sitio web ni ning\u00fan elemento del mismo, incluidos, entre otros, el texto, los gr\u00e1ficos, las im\u00e1genes u otros materiales, pueden ser copiados, reutilizados, cargados, publicados, transmitidos o redistribuidos, excepto que usted puede descargar una copia de dichos materiales en su computadora individual \u00fanicamente para su uso personal y no comercial (que tambi\u00e9n excluye cualquier uso por parte de cualquier uso gubernamental, educativo, caritativo u otro uso institucional que no sea estrictamente personal por su parte), siempre que todos los derechos de autor y otros avisos de propiedad que aparecen en dichos materiales se conserven estrictamente sin ninguna alteraci\u00f3n, modificaci\u00f3n u ofuscaci\u00f3n. Con respecto a cualquier software descargado por usted desde el sitio web, dicho software, y todos sus elementos, son licenciados por Audi Ecuador. No puede modificar ni preparar trabajos derivados basados en el sitio web, o en ning\u00fan elemento del mismo, y no puede redistribuir, vender, descompilar, realizar ingenier\u00eda inversa, desensamblar o intentar acceder al c\u00f3digo fuente a ning\u00fan software descargado del sitio web.<\/p>\n\n\n\n<p><strong>USO DEL SITIO WEB:<\/strong><\/p>\n\n\n\n<p>Usted acepta utilizar este sitio web \u00fanicamente para fines informativos y de acuerdo con todas las leyes y regulaciones aplicables vigentes en la Rep\u00fablica del Ecuador. Se proh\u00edbe cualquier uso del sitio web que pueda causar da\u00f1o, perjuicio o interferencia con su funcionamiento normal.<\/p>\n\n\n\n<p><strong>PRIVACIDAD:<\/strong> <\/p>\n\n\n\n<p>La informaci\u00f3n personal que usted proporcione a trav\u00e9s de este sitio web estar\u00e1 sujeta a nuestro Aviso de Privacidad, la cual puede consultar <a href=\"https:\/\/audilatinoamerica-contact.com\/ec\/privacy\/\">https:\/\/audilatinoamerica-contact.com\/ec\/privacy\/<\/a><\/p>\n\n\n\n<p><strong>LIMITACI\u00d3N DE RESPONSABILIDAD:<\/strong><\/p>\n\n\n\n<p>Audi Ecuador no ser\u00e1 responsable de ning\u00fan da\u00f1o directo, indirecto, incidental, especial, consecuente o punitivo que surja del uso o la imposibilidad de uso de este sitio web.<\/p>\n\n\n\n<p><strong>OBLIGACIONES DEL CONSUMIDOR:<\/strong><\/p>\n\n\n\n<p>De acuerdo a la Ley Org\u00e1nica de Defensa del Consumidor son obligaciones de los consumidores:<br><br>1. Propiciar y ejercer el consumo racional y responsable de bienes y servicios;<br>2. Preocuparse de no afectar el ambiente mediante el consumo de bienes o servicios que puedan resultar peligrosos en ese sentido;<br>3. Evitar cualquier riesgo que pueda afectar su salud y vida, as\u00ed como la de los dem\u00e1s, por el consumo de bienes o servicios l\u00edcitos; y,<br>4. Informarse responsablemente de las condiciones de uso de los bienes y servicios a consumirse.<\/p>\n\n\n\n<p><strong>DISPONIBILIDAD DEL PRODUCTO:<\/strong><\/p>\n\n\n\n<p>Oferta sujeta a disponibilidad. Consulta en cada concesionario los modelos y colores disponibles. Los colores mostrados en esta web pueden variar con los disponibles en los concesionarios autorizados.<\/p>\n\n\n\n<p><strong>GARANTIA DE PRODUCTO:<\/strong><\/p>\n\n\n\n<p>La garant\u00eda de producto estar\u00e1 sujeta a lo dispuesto para cada modelo.<\/p>\n\n\n\n<p><strong>MODIFICACI\u00d3N DE ESTOS T\u00c9RMINOS Y CONDICIONES:<\/strong><\/p>\n\n\n\n<p>Audi Ecuador se reserva el derecho de cambiar este Acuerdo en cualquier momento revisando los t\u00e9rminos y condiciones del presente documento. El usuario es responsable de revisar regularmente estos t\u00e9rminos y condiciones. El uso continuado de este sitio web despu\u00e9s de dichos cambios constituir\u00e1 la aceptaci\u00f3n por parte del Usuario de dichos cambios.<\/p>\n\n\n\n<p><strong>LA INFORMACI\u00d3N PROPORCIONADA EST\u00c1 SUJETA A CAMBIOS:<\/strong><\/p>\n\n\n\n<p>Las especificaciones, el equipo est\u00e1ndar, las opciones, el cargo de destino y los colores est\u00e1n sujetos a cambios sin previo aviso. Es posible que algunos equipos no est\u00e9n disponibles cuando se construye su veh\u00edculo en la herramienta del configurador. Al utilizar este sitio web, usted acepta todos los t\u00e9rminos y condiciones establecidos en este aviso legal. Si no est\u00e1 de acuerdo con estos t\u00e9rminos, por favor no utilice este sitio web.<\/p>\n","protected":false},"excerpt":{"rendered":"<p>Por favor, t\u00f3mese un momento para leer los siguientes descargos de responsabilidad. Para obtener m\u00e1s informaci\u00f3n sobre todos estos temas, consulte el manual del propietario o visite su concesionario autorizado local. Si no est\u00e1 de acuerdo con estos t\u00e9rminos de uso, descon\u00e9ctese y no utilice este sitio web. INFORMACI\u00d3N DEL IMPORTADOR DE AUDI ECUADOR: Raz\u00f3n [&hellip;]<\/p>\n","protected":false},"author":1,"featured_media":0,"parent":0,"menu_order":0,"comment_status":"closed","ping_status":"closed","template":"template-legal.php","meta":{"_acf_changed":false,"footnotes":""},"class_list":["post-15","page","type-page","status-publish","hentry"],"acf":[],"yoast_head":"<!-- This site is optimized with the Yoast SEO plugin v25.1 - https:\/\/yoast.com\/wordpress\/plugins\/seo\/ -->\n<title>Aviso legal - Ecuador<\/title>\n<meta name=\"robots\" content=\"index, follow, max-snippet:-1, max-image-preview:large, max-video-preview:-1\" \/>\n<link rel=\"canonical\" href=\"https:\/\/audilatinoamerica-contact.com\/ec\/terms\/\" \/>\n<meta property=\"og:locale\" content=\"es_MX\" \/>\n<meta property=\"og:type\" content=\"article\" \/>\n<meta property=\"og:title\" content=\"Aviso legal - Ecuador\" \/>\n<meta property=\"og:description\" content=\"Por favor, t\u00f3mese un momento para leer los siguientes descargos de responsabilidad. Para obtener m\u00e1s informaci\u00f3n sobre todos estos temas, consulte el manual del propietario o visite su concesionario autorizado local. Si no est\u00e1 de acuerdo con estos t\u00e9rminos de uso, descon\u00e9ctese y no utilice este sitio web. INFORMACI\u00d3N DEL IMPORTADOR DE AUDI ECUADOR: Raz\u00f3n [&hellip;]\" \/>\n<meta property=\"og:url\" content=\"https:\/\/audilatinoamerica-contact.com\/ec\/terms\/\" \/>\n<meta property=\"og:site_name\" content=\"Ecuador\" \/>\n<meta property=\"article:modified_time\" content=\"2024-06-04T18:10:07+00:00\" \/>\n<meta name=\"twitter:card\" content=\"summary_large_image\" \/>\n<meta name=\"twitter:label1\" content=\"Tiempo de lectura\" \/>\n\t<meta name=\"twitter:data1\" content=\"4 minutos\" \/>\n<script type=\"application\/ld+json\" class=\"yoast-schema-graph\">{\"@context\":\"https:\/\/schema.org\",\"@graph\":[{\"@type\":\"WebPage\",\"@id\":\"https:\/\/audilatinoamerica-contact.com\/ec\/terms\/\",\"url\":\"https:\/\/audilatinoamerica-contact.com\/ec\/terms\/\",\"name\":\"Aviso legal - Ecuador\",\"isPartOf\":{\"@id\":\"https:\/\/audilatinoamerica-contact.com\/ec\/#website\"},\"datePublished\":\"2024-04-02T18:24:54+00:00\",\"dateModified\":\"2024-06-04T18:10:07+00:00\",\"breadcrumb\":{\"@id\":\"https:\/\/audilatinoamerica-contact.com\/ec\/terms\/#breadcrumb\"},\"inLanguage\":\"es\",\"potentialAction\":[{\"@type\":\"ReadAction\",\"target\":[\"https:\/\/audilatinoamerica-contact.com\/ec\/terms\/\"]}]},{\"@type\":\"BreadcrumbList\",\"@id\":\"https:\/\/audilatinoamerica-contact.com\/ec\/terms\/#breadcrumb\",\"itemListElement\":[{\"@type\":\"ListItem\",\"position\":1,\"name\":\"Inicio\",\"item\":\"https:\/\/audilatinoamerica-contact.com\/ec\/\"},{\"@type\":\"ListItem\",\"position\":2,\"name\":\"Aviso legal\"}]},{\"@type\":\"WebSite\",\"@id\":\"https:\/\/audilatinoamerica-contact.com\/ec\/#website\",\"url\":\"https:\/\/audilatinoamerica-contact.com\/ec\/\",\"name\":\"Ecuador\",\"description\":\"\",\"potentialAction\":[{\"@type\":\"SearchAction\",\"target\":{\"@type\":\"EntryPoint\",\"urlTemplate\":\"https:\/\/audilatinoamerica-contact.com\/ec\/?s={search_term_string}\"},\"query-input\":{\"@type\":\"PropertyValueSpecification\",\"valueRequired\":true,\"valueName\":\"search_term_string\"}}],\"inLanguage\":\"es\"}]}<\/script>\n<!-- \/ Yoast SEO plugin. -->","yoast_head_json":{"title":"Aviso legal - Ecuador","robots":{"index":"index","follow":"follow","max-snippet":"max-snippet:-1","max-image-preview":"max-image-preview:large","max-video-preview":"max-video-preview:-1"},"canonical":"https:\/\/audilatinoamerica-contact.com\/ec\/terms\/","og_locale":"es_MX","og_type":"article","og_title":"Aviso legal - Ecuador","og_description":"Por favor, t\u00f3mese un momento para leer los siguientes descargos de responsabilidad. Para obtener m\u00e1s informaci\u00f3n sobre todos estos temas, consulte el manual del propietario o visite su concesionario autorizado local. Si no est\u00e1 de acuerdo con estos t\u00e9rminos de uso, descon\u00e9ctese y no utilice este sitio web. INFORMACI\u00d3N DEL IMPORTADOR DE AUDI ECUADOR: Raz\u00f3n [&hellip;]","og_url":"https:\/\/audilatinoamerica-contact.com\/ec\/terms\/","og_site_name":"Ecuador","article_modified_time":"2024-06-04T18:10:07+00:00","twitter_card":"summary_large_image","twitter_misc":{"Tiempo de lectura":"4 minutos"},"schema":{"@context":"https:\/\/schema.org","@graph":[{"@type":"WebPage","@id":"https:\/\/audilatinoamerica-contact.com\/ec\/terms\/","url":"https:\/\/audilatinoamerica-contact.com\/ec\/terms\/","name":"Aviso legal - Ecuador","isPartOf":{"@id":"https:\/\/audilatinoamerica-contact.com\/ec\/#website"},"datePublished":"2024-04-02T18:24:54+00:00","dateModified":"2024-06-04T18:10:07+00:00","breadcrumb":{"@id":"https:\/\/audilatinoamerica-contact.com\/ec\/terms\/#breadcrumb"},"inLanguage":"es","potentialAction":[{"@type":"ReadAction","target":["https:\/\/audilatinoamerica-contact.com\/ec\/terms\/"]}]},{"@type":"BreadcrumbList","@id":"https:\/\/audilatinoamerica-contact.com\/ec\/terms\/#breadcrumb","itemListElement":[{"@type":"ListItem","position":1,"name":"Inicio","item":"https:\/\/audilatinoamerica-contact.com\/ec\/"},{"@type":"ListItem","position":2,"name":"Aviso legal"}]},{"@type":"WebSite","@id":"https:\/\/audilatinoamerica-contact.com\/ec\/#website","url":"https:\/\/audilatinoamerica-contact.com\/ec\/","name":"Ecuador","description":"","potentialAction":[{"@type":"SearchAction","target":{"@type":"EntryPoint","urlTemplate":"https:\/\/audilatinoamerica-contact.com\/ec\/?s={search_term_string}"},"query-input":{"@type":"PropertyValueSpecification","valueRequired":true,"valueName":"search_term_string"}}],"inLanguage":"es"}]}},"_links":{"self":[{"href":"https:\/\/audilatinoamerica-contact.com\/ec\/wp-json\/wp\/v2\/pages\/15","targetHints":{"allow":["GET"]}}],"collection":[{"href":"https:\/\/audilatinoamerica-contact.com\/ec\/wp-json\/wp\/v2\/pages"}],"about":[{"href":"https:\/\/audilatinoamerica-contact.com\/ec\/wp-json\/wp\/v2\/types\/page"}],"author":[{"embeddable":true,"href":"https:\/\/audilatinoamerica-contact.com\/ec\/wp-json\/wp\/v2\/users\/1"}],"replies":[{"embeddable":true,"href":"https:\/\/audilatinoamerica-contact.com\/ec\/wp-json\/wp\/v2\/comments?post=15"}],"version-history":[{"count":4,"href":"https:\/\/audilatinoamerica-contact.com\/ec\/wp-json\/wp\/v2\/pages\/15\/revisions"}],"predecessor-version":[{"id":24,"href":"https:\/\/audilatinoamerica-contact.com\/ec\/wp-json\/wp\/v2\/pages\/15\/revisions\/24"}],"wp:attachment":[{"href":"https:\/\/audilatinoamerica-contact.com\/ec\/wp-json\/wp\/v2\/media?parent=15"}],"curies":[{"name":"wp","href":"https:\/\/api.w.org\/{rel}","templated":true}]}}