{"id":2,"date":"2024-03-14T20:19:17","date_gmt":"2024-03-14T20:19:17","guid":{"rendered":"https:\/\/audilatinoamerica-contact.com\/gf\/?page_id=2"},"modified":"2024-11-04T18:06:28","modified_gmt":"2024-11-04T18:06:28","slug":"privacy","status":"publish","type":"page","link":"https:\/\/audilatinoamerica-contact.com\/gf\/privacy\/","title":{"rendered":"Privacy"},"content":{"rendered":"\n<p>Conform\u00e9ment aux dispositions des Articles 6-III et 19 de la Loi n\u00b02004- 575 du 21 juin 2004 pour la Confiance des l\u2019\u00e9conomie num\u00e9rique, il est port\u00e9 \u00e0 la connaissance des utilisateurs et visiteurs du site www.audi.gf les pr\u00e9sentes mentions l\u00e9gales.<\/p>\n\n\n\n<p>Le site audi.gf est accessible \u00e0 l\u2019adresse suivante : www.audi.gf (ci- apr\u00e8s \u00able Site\u00bb). L\u2019acc\u00e8s et l\u2019utilisation du Site sont soumis aux pr\u00e9sentes<br>\u00ab Mentions l\u00e9gales \u00bb d\u00e9taill\u00e9es ci-apr\u00e8s ainsi qu\u2019aux lois et\/ou r\u00e8glements applicables<\/p>\n\n\n\n<p>Article 1 \u2013 Informations L\u00e9gales<\/p>\n\n\n\n<p>En vertu de l\u2019article 6-III de la Loi n\u00b02004-575 du 21 juin 2004 pour la Confiance dans l\u2019\u00e9conomie num\u00e9rique, il est pr\u00e9cis\u00e9 dans cet article l\u2019identit\u00e9 des diff\u00e9rents intervenants dans le cadre de sa r\u00e9alisation et de son suivi.<\/p>\n\n\n\n<p>1-1 Editeur du Site<br>Le Site est \u00e9dit\u00e9 par : La soci\u00e9t\u00e9 SUDMOTORS au capital de 1 500 000\u20ac Dont le si\u00e8ge est situ\u00e9 782 Route de la Madeleine 97300 CAYENNE T\u00e9l\u00e9phone : 0594 25 22 01<br>RCS : Cayenne B 424 145 886<br>Adresse mail : accueil-sudmotors@citadelle-sa.com Ci-apr\u00e8s \u00ab l\u2019Editeur \u00bb<\/p>\n\n\n\n<p>1-2 Directeur de publication<br>Le Directeur de publication est : Fran\u00e7ois Dufour Ci-apr\u00e8s \u00ab le Directeur de publication \u00bb<\/p>\n\n\n\n<p>1-3 H\u00e9bergeur du Site<br>Le Site www.audi.gf est h\u00e9berg\u00e9 par : Creativ3<br>Dont le si\u00e8ge est situ\u00e9 \u00e0 l\u2019adresse suivante : ZI La L\u00e9zarde 97232 Le Lamentin<br>T\u00e9l\u00e9phone : 0596 53 86 74 Adresse mail : contact@creativ3.fr Ci-apr\u00e8s \u00ab l\u2019H\u00e9bergeur \u00bb<\/p>\n\n\n\n<p>1-4 Utilisateurs<br>Sont consid\u00e9r\u00e9s comme utilisateurs tous les internautes qui naviguent, lisent, visionnent et utilisent le Site www.audi.gf<br>Ci-apr\u00e8s les \u00ab Utilisateurs \u00bb.<\/p>\n\n\n\n<p>Article 2 &#8211; Informatique et Libert\u00e9s &amp; D\u00e9claration de confidentialit\u00e9 Loi du 06\/01\/1978 et RGPD<\/p>\n\n\n\n<p>2-1 Donn\u00e9es collect\u00e9es et trait\u00e9es<\/p>\n\n\n\n<p>Quelles donn\u00e9es collectons-nous ?<br>Les donn\u00e9es que nous collectons ou d\u00e9tenons \u00e0 votre \u00e9gard peuvent \u00eatre collect\u00e9es directement aupr\u00e8s de vous, d\u2019autres collect\u00e9es dans le respect de la r\u00e9glementation applicable ou de sources accessibles au public.<\/p>\n\n\n\n<p>Les donn\u00e9es que vous nous fournissez peuvent notamment concerner :<\/p>\n\n\n\n<ul class=\"wp-block-list\">\n<li>des informations relatives \u00e0 votre identit\u00e9 (nom, genre, date et lieu de naissance, vos justificatifs d\u2019identit\u00e9)<\/li>\n\n\n\n<li>vos coordonn\u00e9es (votre adresse postale, adresse de messagerie \u00e9lectronique, num\u00e9ros de t\u00e9l\u00e9phone)<\/li>\n\n\n\n<li>des informations que vous nous fournissez en remplissant des formulaires (t\u00e9l\u00e9phone, pr\u00e9sentiel, courrier \u00e9lectronique\u2026)<\/li>\n\n\n\n<li>Les informations relatives \u00e0 notre relation commerciale, vos transactions et vos instructions.<\/li>\n<\/ul>\n\n\n\n<p>Comment utilisons-nous vos donn\u00e9es \u00e0 caract\u00e8re personnel ? Nous les utiliserons que si vous y avez consenti ou qu\u2019elle repose sur l\u2019un des fondements juridiques pr\u00e9vus par la loi :<\/p>\n\n\n\n<ul class=\"wp-block-list\">\n<li>La protection de nos int\u00e9r\u00eats l\u00e9gitimes<\/li>\n\n\n\n<li>L\u2019ex\u00e9cution d\u2019un contrat au titre duquel vous \u00eates et\/ou nous sommes engag\u00e9s<\/li>\n\n\n\n<li>Le respect d\u2019une obligation l\u00e9gale ou r\u00e9glementaire ;<\/li>\n<\/ul>\n\n\n\n<p>Nous collectons et traitons des informations vous concernant pour diverses raisons et notamment :<\/p>\n\n\n\n<ul class=\"wp-block-list\">\n<li>vous fournir des produits et services<\/li>\n\n\n\n<li>ex\u00e9cuter vos instructions et nos engagements vis-\u00e0-vis de vous (notamment les commandes)<\/li>\n\n\n\n<li>g\u00e9rer notre relation commerciale avec vous, vous proposer nos produits et services ou effectuer des \u00e9tudes de march\u00e9<\/li>\n\n\n\n<li>recueillir des renseignements \u00e0 partir de l&rsquo;analyse de vos donn\u00e9es<\/li>\n\n\n\n<li>am\u00e9liorer la qualit\u00e9 de nos produits, contrats et services et nous assurer de l\u2019efficacit\u00e9 de nos campagnes commerciales<\/li>\n\n\n\n<li>garder une trace de nos \u00e9changes avec vous (par t\u00e9l\u00e9phone, par message \u00e9lectronique ou tout autre type de communication)<\/li>\n\n\n\n<li>assurer la continuit\u00e9 de l\u2019activit\u00e9 de nos services<\/li>\n\n\n\n<li>correspondre avec nos avocats, conseils ou tous autres intervenants (sous-traitants, fournisseurs, partenaires\u2026)<\/li>\n<\/ul>\n\n\n\n<p>Respect de nos obligations l\u00e9gales et r\u00e9glementaires :<br>Nous les utilisons pour nous conformer \u00e0 toute loi ou r\u00e8glement applicable (r\u00e9gulateur ou une autorit\u00e9 comp\u00e9tente)<\/p>\n\n\n\n<p>Marketing et \u00e9tudes de march\u00e9 : promouvoir nos produits et services. Si vous y consentez, nous sommes susceptibles de vous envoyer des messages commerciaux contenant des informations sur nos produits et services ou ceux de tiers.<\/p>\n\n\n\n<p>Quelles sont les finalit\u00e9s du traitement de vos donn\u00e9es \u00e0 caract\u00e8re personnel et quel est le fondement juridique de ce traitement?<\/p>\n\n\n\n<figure class=\"wp-block-table\"><table><tbody><tr><td><strong>Les finalit\u00e9s de la collecte<\/strong><\/td><td><strong>Le traitement est justifi\u00e9 par :<\/strong><\/td><\/tr><tr><td>Op\u00e9rer un diagnostic, estimer les travaux (devis)<\/td><td>pour r\u00e9pondre \u00e0 votre demande.<\/td><\/tr><tr><td>Vous fournir les services correspondants \u00e0 votre commande.<\/td><td>L\u2019ex\u00e9cution d\u2019un contrat.<\/td><\/tr><tr><td>Sondages, enqu\u00eates, statistiques pour \u00e9valuer la qualit\u00e9 des prestations et des produits et anticiper les besoins des clients.<\/td><td>N\u00e9cessit\u00e9 de d\u00e9velopper de nouvelles fonctionnalit\u00e9s.<\/td><\/tr><tr><td>Envoyer des informations sur nos offres promotionnelles,<\/td><td>Consentement pr\u00e9alable en cochant la case destin\u00e9e.<\/td><\/tr><\/tbody><\/table><\/figure>\n\n\n\n<p>Qui en sont les destinataires ?<\/p>\n\n\n\n<ul class=\"wp-block-list\">\n<li>Soci\u00e9t\u00e9s du Groupe Citadelle dont d\u00e9pend la soci\u00e9t\u00e9 ainsi que les nouvelles et potentielles ;<\/li>\n\n\n\n<li>des sous-traitants, des mandataires ou des prestataires travaillant pour nous ;<\/li>\n\n\n\n<li>des CAC, la BFD, la Caisse des D\u00e9p\u00f4ts et Consignations, des autorit\u00e9s administratives ou organismes de r\u00e9solution des litiges ;<\/li>\n\n\n\n<li>des soci\u00e9t\u00e9s qui r\u00e9alisent des \u00e9tudes commerciales ou de march\u00e9 pour nous ;<\/li>\n\n\n\n<li>toute autre personne impliqu\u00e9e en cas de litige au regard d&rsquo;une op\u00e9ration ;<\/li>\n\n\n\n<li>les autorit\u00e9s\/juridictions judiciaires ou administratives.<\/li>\n<\/ul>\n\n\n\n<p>Combien de temps les conservons-nous ?<\/p>\n\n\n\n<p>Tant que vous utiliserez nos services. Certaines pourront \u00eatre conserv\u00e9es pour une dur\u00e9e suppl\u00e9mentaire pour la gestion de r\u00e9clamations et\/ou contentieux ainsi que pour r\u00e9pondre \u00e0 nos obligations l\u00e9gales ou r\u00e9glementaires ou encore pour r\u00e9pondre \u00e0 des demandes d\u2019autorit\u00e9s habilit\u00e9es. Les donn\u00e9es comptables pour une dur\u00e9e de dix (10) ans ou conform\u00e9ment \u00e0 la Loi.<\/p>\n\n\n\n<p>Quels sont vos droits et comment vous pourrez les exercer ?<\/p>\n\n\n\n<ul class=\"wp-block-list\">\n<li>Le droit d\u2019obtenir des informations sur les donn\u00e9es que nous d\u00e9tenons sur vous et les traitements mis en \u0153uvre ;<\/li>\n\n\n\n<li>le droit de retirer \u00e0 tout moment votre consentement sauf raison l\u00e9gitime de les conserver et dispositions l\u00e9gales;<\/li>\n\n\n\n<li>dans certaines circonstances, le droit de recevoir des donn\u00e9es sous forme \u00e9lectronique et \/ou de nous demander de transmettre ces informations \u00e0 un tiers lorsque cela est techniquement possible (veuillez noter que ce droit n\u2019est applicable qu\u2019aux donn\u00e9es que vous nous avez fournies) ;<\/li>\n\n\n\n<li>le droit de modifier ou corriger vos donn\u00e9es ;<\/li>\n\n\n\n<li>le droit de nous demander de restreindre ou de vous opposer au traitement de vos donn\u00e9es, sauf raison l\u00e9gitime de les conserver.<\/li>\n<\/ul>\n\n\n\n<p>Vous pouvez retirer votre consentement \u00e0 l\u2019utilisation de vos donn\u00e9es \u00e0 des fins commerciales \u00e0 tout moment : la prise en compte de votre demande et la mise \u00e0 jour de nos syst\u00e8mes peut prendre quelques jours pendant<\/p>\n\n\n\n<p>lesquels vous \u00eates susceptibles de recevoir des sollicitations commerciales relatives aux campagnes marketing d\u00e9j\u00e0 lanc\u00e9es.<\/p>\n\n\n\n<p>Vous pouvez exercer vos droits en nous contactant : Olivier LIVIC \u2013 0596 39 41 72 ou par mail : olivic@citadelle-sa.com<br>Pour plus d\u2019informations \u00e0 propos de vos droits : https:\/\/www.cnil.fr\/ . Vous disposez \u00e9galement du droit de d\u00e9poser une r\u00e9clamation aupr\u00e8s de la CNIL 3 Place de Fontenoy &#8211; TSA 80715 &#8211; 75334 Paris &#8211; Cedex 07.<\/p>\n\n\n\n<p>2-2 H\u00e9bergement des donn\u00e9es<\/p>\n\n\n\n<p>Tel que mentionn\u00e9 plus haut, le site www.audi.gf est h\u00e9berg\u00e9 par : OVH, dont le si\u00e8ge est situ\u00e9 \u00e0 l&rsquo;adresse ci-apr\u00e8s : 2 rue Kellermann \u2013 BP 80157 59053 ROUBAIX CEDEX 1.<br>L&rsquo;h\u00e9bergeur peut \u00eatre contact\u00e9 au num\u00e9ro de t\u00e9l\u00e9phone suivant : 0972 10 10 07 ou par mail \u00e0 l\u2019adresse : contact@seatcupraguyane.com<br>Les donn\u00e9es collect\u00e9es et trait\u00e9es par le site sont exclusivement h\u00e9berg\u00e9es et trait\u00e9es en France.<\/p>\n\n\n\n<p>2-3 Obligations du responsable du traitement des donn\u00e9es<\/p>\n\n\n\n<p>Le responsable du traitement s&rsquo;engage \u00e0 prot\u00e9ger les donn\u00e9es \u00e0 caract\u00e8re personnel collect\u00e9es, \u00e0 ne pas les transmettre \u00e0 des tiers sans que l&rsquo;utilisateur n&rsquo;en ait \u00e9t\u00e9 inform\u00e9 et \u00e0 respecter les finalit\u00e9s pour lesquelles ces donn\u00e9es ont \u00e9t\u00e9 collect\u00e9es.<br>De plus, le responsable du traitement des donn\u00e9es s&rsquo;engage \u00e0 notifier l&rsquo;utilisateur en cas de rectification ou de suppression des donn\u00e9es, \u00e0 moins que cela n&rsquo;entra\u00eene pour lui des formalit\u00e9s, co\u00fbts et d\u00e9marches disproportionn\u00e9s.<br>Dans le cas o\u00f9 l&rsquo;int\u00e9grit\u00e9, la confidentialit\u00e9 ou la s\u00e9curit\u00e9 des donn\u00e9es \u00e0 caract\u00e8re personnel de l&rsquo;Utilisateur est compromise, le responsable du traitement s&rsquo;engage \u00e0 informer l&rsquo;Utilisateur par tout moyen.<\/p>\n\n\n\n<p>2-4 Cookies<\/p>\n\n\n\n<p>Le site a \u00e9ventuellement recours aux techniques de \u00ab\u00a0cookies\u00a0\u00bb lui permettant de traiter des statistiques et des informations sur le trafic, de faciliter la navigation et d&rsquo;am\u00e9liorer le service pour le confort de l&rsquo;utilisateur. Pour l&rsquo;utilisation de fichiers \u00ab\u00a0cookies\u00a0\u00bb impliquant la sauvegarde et l&rsquo;analyse de donn\u00e9es \u00e0 caract\u00e8re personnel, le consentement de l&rsquo;utilisateur est n\u00e9cessairement demand\u00e9.<br>Ce consentement de l&rsquo;Utilisateur est consid\u00e9r\u00e9 comme valide pour une dur\u00e9e de 13 (treize) mois maximum. A l&rsquo;issue de cette p\u00e9riode, le site demandera \u00e0 nouveau l&rsquo;autorisation de l&rsquo;utilisateur pour enregistrer des fichiers \u00ab\u00a0cookies\u00a0\u00bb sur son disque dur.<\/p>\n\n\n\n<p>a. Opposition de l&rsquo;utilisateur \u00e0 l&rsquo;utilisation de fichiers \u00ab\u00a0cookies\u00a0\u00bb par le site<\/p>\n\n\n\n<p>Il est port\u00e9 \u00e0 la connaissance de l&rsquo;Utilisateur qu&rsquo;il peut s&rsquo;opposer \u00e0 l&rsquo;enregistrement de ces \u00ab\u00a0cookies\u00a0\u00bb en configurant son logiciel de navigation. Dans le cas o\u00f9 l&rsquo;utilisateur d\u00e9cide de d\u00e9sactiver les fichiers \u00ab\u00a0cookies\u00a0\u00bb, il pourra poursuivre sa navigation sur le site. Toutefois, tout dysfonctionnement du site provoqu\u00e9 par cette manipulation ne pourrait \u00eatre consid\u00e9r\u00e9 comme \u00e9tant du fait de l&rsquo;Editeur du site.<\/p>\n\n\n\n<p>b. Description des fichiers \u00ab\u00a0cookies\u00a0\u00bb utilis\u00e9s par le site<br>L&rsquo;Editeur du site attire l&rsquo;attention de l&rsquo;Utilisateur sur le fait que les cookies suivants sont utilis\u00e9s lors de sa navigation. Trois types de cookies sont utilis\u00e9s :<\/p>\n\n\n\n<ul class=\"wp-block-list\">\n<li>Les cookies temporaires dont la suppression est automatique d\u00e8s la fermeture du navigateur ;<\/li>\n\n\n\n<li>Les cookies persistants qui disparaissent par une action de suppression volontaire ou par expiration ;<\/li>\n\n\n\n<li>Les \u00ab balises Web \u00bb ou \u00ab pixels invisibles \u00bb sont des images \u00e9lectroniques.<\/li>\n<\/ul>\n\n\n\n<p>De plus, le site int\u00e8gre des boutons de r\u00e9seaux sociaux, permettant \u00e0 l&rsquo;Utilisateur de partager son activit\u00e9 sur le site. Des fichiers \u00ab\u00a0cookies\u00a0\u00bb de ces r\u00e9seaux sociaux sont par cons\u00e9quent susceptibles d&rsquo;\u00eatre stock\u00e9s sur l&rsquo;ordinateur de l&rsquo;utilisateur lorsqu&rsquo;il utilise ces fonctionnalit\u00e9s.<br>L&rsquo;attention de l&rsquo;utilisateur est port\u00e9e sur le fait que ces sites disposent de politiques de confidentialit\u00e9 propres, possiblement diff\u00e9rentes de celles pr\u00e9sent\u00e9es ici. L&rsquo;\u00c9diteur du site invite les utilisateurs \u00e0 consulter les politiques de confidentialit\u00e9 et de gestions des donn\u00e9es personnelles de ces sites.<\/p>\n\n\n\n<p>Article 3 \u2013 Contacts<\/p>\n\n\n\n<p>Pour tout signalement de contenus ou d&rsquo;activit\u00e9s illicites, l&rsquo;Utilisateur peut contacter l&rsquo;\u00c9diteur par mail ou par courrier recommand\u00e9 avec accus\u00e9 de r\u00e9ception adress\u00e9 \u00e0 l&rsquo;\u00c9diteur aux coordonn\u00e9es pr\u00e9cis\u00e9es dans les pr\u00e9sentes mentions l\u00e9gales.<\/p>\n\n\n\n<p>Le site audi.gf vous souhaite une excellente navigation !<\/p>\n","protected":false},"excerpt":{"rendered":"<p>Conform\u00e9ment aux dispositions des Articles 6-III et 19 de la Loi n\u00b02004- 575 du 21 juin 2004 pour la Confiance des l\u2019\u00e9conomie num\u00e9rique, il est port\u00e9 \u00e0 la connaissance des utilisateurs et visiteurs du site www.audi.gf les pr\u00e9sentes mentions l\u00e9gales. Le site audi.gf est accessible \u00e0 l\u2019adresse suivante : www.audi.gf (ci- apr\u00e8s \u00able Site\u00bb). L\u2019acc\u00e8s [&hellip;]<\/p>\n","protected":false},"author":1,"featured_media":0,"parent":0,"menu_order":0,"comment_status":"closed","ping_status":"closed","template":"template-legal.php","meta":{"_acf_changed":false,"footnotes":""},"class_list":["post-2","page","type-page","status-publish","hentry"],"acf":[],"yoast_head":"<!-- This site is optimized with the Yoast SEO plugin v25.1 - https:\/\/yoast.com\/wordpress\/plugins\/seo\/ -->\n<title>Privacy - Guyane fran\u00e7aise<\/title>\n<meta name=\"robots\" content=\"index, follow, max-snippet:-1, max-image-preview:large, max-video-preview:-1\" \/>\n<link rel=\"canonical\" href=\"https:\/\/audilatinoamerica-contact.com\/gf\/privacy\/\" \/>\n<meta property=\"og:locale\" content=\"fr_FR\" \/>\n<meta property=\"og:type\" content=\"article\" \/>\n<meta property=\"og:title\" content=\"Privacy - Guyane fran\u00e7aise\" \/>\n<meta property=\"og:description\" content=\"Conform\u00e9ment aux dispositions des Articles 6-III et 19 de la Loi n\u00b02004- 575 du 21 juin 2004 pour la Confiance des l\u2019\u00e9conomie num\u00e9rique, il est port\u00e9 \u00e0 la connaissance des utilisateurs et visiteurs du site www.audi.gf les pr\u00e9sentes mentions l\u00e9gales. Le site audi.gf est accessible \u00e0 l\u2019adresse suivante : www.audi.gf (ci- apr\u00e8s \u00able Site\u00bb). L\u2019acc\u00e8s [&hellip;]\" \/>\n<meta property=\"og:url\" content=\"https:\/\/audilatinoamerica-contact.com\/gf\/privacy\/\" \/>\n<meta property=\"og:site_name\" content=\"Guyane fran\u00e7aise\" \/>\n<meta property=\"article:modified_time\" content=\"2024-11-04T18:06:28+00:00\" \/>\n<meta name=\"twitter:card\" content=\"summary_large_image\" \/>\n<script type=\"application\/ld+json\" class=\"yoast-schema-graph\">{\"@context\":\"https:\/\/schema.org\",\"@graph\":[{\"@type\":\"WebPage\",\"@id\":\"https:\/\/audilatinoamerica-contact.com\/gf\/privacy\/\",\"url\":\"https:\/\/audilatinoamerica-contact.com\/gf\/privacy\/\",\"name\":\"Privacy - Guyane fran\u00e7aise\",\"isPartOf\":{\"@id\":\"https:\/\/audilatinoamerica-contact.com\/gf\/#website\"},\"datePublished\":\"2024-03-14T20:19:17+00:00\",\"dateModified\":\"2024-11-04T18:06:28+00:00\",\"breadcrumb\":{\"@id\":\"https:\/\/audilatinoamerica-contact.com\/gf\/privacy\/#breadcrumb\"},\"inLanguage\":\"fr-FR\",\"potentialAction\":[{\"@type\":\"ReadAction\",\"target\":[\"https:\/\/audilatinoamerica-contact.com\/gf\/privacy\/\"]}]},{\"@type\":\"BreadcrumbList\",\"@id\":\"https:\/\/audilatinoamerica-contact.com\/gf\/privacy\/#breadcrumb\",\"itemListElement\":[{\"@type\":\"ListItem\",\"position\":1,\"name\":\"Accueil\",\"item\":\"https:\/\/audilatinoamerica-contact.com\/gf\/\"},{\"@type\":\"ListItem\",\"position\":2,\"name\":\"Privacy\"}]},{\"@type\":\"WebSite\",\"@id\":\"https:\/\/audilatinoamerica-contact.com\/gf\/#website\",\"url\":\"https:\/\/audilatinoamerica-contact.com\/gf\/\",\"name\":\"Guyane fran\u00e7aise\",\"description\":\"\",\"potentialAction\":[{\"@type\":\"SearchAction\",\"target\":{\"@type\":\"EntryPoint\",\"urlTemplate\":\"https:\/\/audilatinoamerica-contact.com\/gf\/?s={search_term_string}\"},\"query-input\":{\"@type\":\"PropertyValueSpecification\",\"valueRequired\":true,\"valueName\":\"search_term_string\"}}],\"inLanguage\":\"fr-FR\"}]}<\/script>\n<!-- \/ Yoast SEO plugin. -->","yoast_head_json":{"title":"Privacy - Guyane fran\u00e7aise","robots":{"index":"index","follow":"follow","max-snippet":"max-snippet:-1","max-image-preview":"max-image-preview:large","max-video-preview":"max-video-preview:-1"},"canonical":"https:\/\/audilatinoamerica-contact.com\/gf\/privacy\/","og_locale":"fr_FR","og_type":"article","og_title":"Privacy - Guyane fran\u00e7aise","og_description":"Conform\u00e9ment aux dispositions des Articles 6-III et 19 de la Loi n\u00b02004- 575 du 21 juin 2004 pour la Confiance des l\u2019\u00e9conomie num\u00e9rique, il est port\u00e9 \u00e0 la connaissance des utilisateurs et visiteurs du site www.audi.gf les pr\u00e9sentes mentions l\u00e9gales. Le site audi.gf est accessible \u00e0 l\u2019adresse suivante : www.audi.gf (ci- apr\u00e8s \u00able Site\u00bb). L\u2019acc\u00e8s [&hellip;]","og_url":"https:\/\/audilatinoamerica-contact.com\/gf\/privacy\/","og_site_name":"Guyane fran\u00e7aise","article_modified_time":"2024-11-04T18:06:28+00:00","twitter_card":"summary_large_image","schema":{"@context":"https:\/\/schema.org","@graph":[{"@type":"WebPage","@id":"https:\/\/audilatinoamerica-contact.com\/gf\/privacy\/","url":"https:\/\/audilatinoamerica-contact.com\/gf\/privacy\/","name":"Privacy - Guyane fran\u00e7aise","isPartOf":{"@id":"https:\/\/audilatinoamerica-contact.com\/gf\/#website"},"datePublished":"2024-03-14T20:19:17+00:00","dateModified":"2024-11-04T18:06:28+00:00","breadcrumb":{"@id":"https:\/\/audilatinoamerica-contact.com\/gf\/privacy\/#breadcrumb"},"inLanguage":"fr-FR","potentialAction":[{"@type":"ReadAction","target":["https:\/\/audilatinoamerica-contact.com\/gf\/privacy\/"]}]},{"@type":"BreadcrumbList","@id":"https:\/\/audilatinoamerica-contact.com\/gf\/privacy\/#breadcrumb","itemListElement":[{"@type":"ListItem","position":1,"name":"Accueil","item":"https:\/\/audilatinoamerica-contact.com\/gf\/"},{"@type":"ListItem","position":2,"name":"Privacy"}]},{"@type":"WebSite","@id":"https:\/\/audilatinoamerica-contact.com\/gf\/#website","url":"https:\/\/audilatinoamerica-contact.com\/gf\/","name":"Guyane fran\u00e7aise","description":"","potentialAction":[{"@type":"SearchAction","target":{"@type":"EntryPoint","urlTemplate":"https:\/\/audilatinoamerica-contact.com\/gf\/?s={search_term_string}"},"query-input":{"@type":"PropertyValueSpecification","valueRequired":true,"valueName":"search_term_string"}}],"inLanguage":"fr-FR"}]}},"_links":{"self":[{"href":"https:\/\/audilatinoamerica-contact.com\/gf\/wp-json\/wp\/v2\/pages\/2","targetHints":{"allow":["GET"]}}],"collection":[{"href":"https:\/\/audilatinoamerica-contact.com\/gf\/wp-json\/wp\/v2\/pages"}],"about":[{"href":"https:\/\/audilatinoamerica-contact.com\/gf\/wp-json\/wp\/v2\/types\/page"}],"author":[{"embeddable":true,"href":"https:\/\/audilatinoamerica-contact.com\/gf\/wp-json\/wp\/v2\/users\/1"}],"replies":[{"embeddable":true,"href":"https:\/\/audilatinoamerica-contact.com\/gf\/wp-json\/wp\/v2\/comments?post=2"}],"version-history":[{"count":2,"href":"https:\/\/audilatinoamerica-contact.com\/gf\/wp-json\/wp\/v2\/pages\/2\/revisions"}],"predecessor-version":[{"id":90,"href":"https:\/\/audilatinoamerica-contact.com\/gf\/wp-json\/wp\/v2\/pages\/2\/revisions\/90"}],"wp:attachment":[{"href":"https:\/\/audilatinoamerica-contact.com\/gf\/wp-json\/wp\/v2\/media?parent=2"}],"curies":[{"name":"wp","href":"https:\/\/api.w.org\/{rel}","templated":true}]}}