{"id":2,"date":"2024-03-14T20:17:44","date_gmt":"2024-03-14T20:17:44","guid":{"rendered":"https:\/\/audilatinoamerica-contact.com\/gt\/?page_id=2"},"modified":"2024-07-29T23:43:18","modified_gmt":"2024-07-29T23:43:18","slug":"privacy","status":"publish","type":"page","link":"https:\/\/audilatinoamerica-contact.com\/gt\/privacy\/","title":{"rendered":"Aviso de Privacidad"},"content":{"rendered":"\n<h2 class=\"wp-block-heading\"><strong>Pol\u00edtica de privacidad<\/strong><\/h2>\n\n\n\n<p>El presente documento tiene por objeto regular el uso de esta p\u00e1gina web (en adelante denominado como Web) que Regesa, S.A., (en adelante denominada como Audi Guatemala) pone a disposici\u00f3n del p\u00fablico en la URL http:\/\/www.audic.om.gt La utilizaci\u00f3n del Web por un tercero le atribuye la condici\u00f3n de Usuario y, supone la aceptaci\u00f3n plena del Usuario de todas y cada una de las Condiciones que se incorporan en el presente Aviso Legal.<br>http:\/\/www.audi.com.gt puede ofrecer a trav\u00e9s del Web, servicios que podr\u00e1n someterse a unas condiciones particulares sobre las cuales se informar\u00e1 al Usuario en cada servicio concreto.<br>Audi Guatemala se compromete a velar por la exactitud y actualidad del contenido del sitio web, incluyendo \u2014a t\u00edtulo enunciativo y seg\u00fan corresponda\u2014 los datos sobre los modelos, precios, servicios, asistencia y otros.<br>Sin perjuicio de la asunci\u00f3n de este compromiso, Audi Guatemala no est\u00e1 en posici\u00f3n de ofrecer, ni ofrece garant\u00eda respecto a la exactitud de la informaci\u00f3n de cualquier tipo recogida en el sitio web y que por error u omisi\u00f3n sea incorrecta o haya podido quedar anticuada. Con el objetivo de minimizar los inconvenientes ocasionados por posibles errores se recomienda la utilizaci\u00f3n de \u00e9stos como orientativos.<\/p>\n\n\n\n<h2 class=\"wp-block-heading\">Uso correcto del sitio web<\/h2>\n\n\n\n<p>El Usuario se compromete a utilizar el Web, los contenidos y servicios de conformidad con la Ley, el presente Aviso Legal, las buenas costumbres y el orden p\u00fablico. Del mismo modo el Usuario se obliga a no utilizar el Web o los servicios que se presten a trav\u00e9s de \u00e9l con fines o efectos il\u00edcitos o contrarios al contenido del presente Aviso Legal, con fines o efectos lesivos de los intereses o derechos de terceros, o que de cualquier forma pueda da\u00f1ar, inutilizar o deteriorar el Web o sus servicios o impedir un normal disfrute del Web por otros Usuarios.<br>Asimismo, el Usuario se compromete expresamente a no destruir, alterar, inutilizar o, de cualquier otra forma, da\u00f1ar los datos, programas o documentos electr\u00f3nicos y dem\u00e1s que se encuentren en la Web de http:\/\/www.audi.com.gt<br>El Usuario se compromete a no obstaculizar el acceso de otros usuarios al servicio de acceso mediante el consumo masivo de los recursos inform\u00e1ticos a trav\u00e9s de los cuales Audi Guatemala presta el servicio, as\u00ed como a no realizar acciones que da\u00f1en, interrumpan o generen errores en dichos sistemas.<br>El Usuario se compromete a no introducir programas, virus, macros, applets, controles ActiveX o cualquier otro dispositivo l\u00f3gico o secuencia de caracteres que causen o sean susceptibles de causar cualquier tipo de alteraci\u00f3n en los sistemas inform\u00e1ticos de Audi Guatemala o de terceros.<br>El Usuario se compromete a no obtener informaciones, mensajes, gr\u00e1ficos, dibujos, archivos de sonido y\/o imagen, fotograf\u00edas, grabaciones, software y en general, cualquier clase de material accesible a trav\u00e9s del Web o de los servicios ofrecidos en el mismo.<\/p>\n\n\n\n<h2 class=\"wp-block-heading\">Propiedad Intelectual<\/h2>\n\n\n\n<p>Todos los contenidos del Web, salvo que se indique lo contrario, son titularidad exclusiva de Audi Guatemala y\/o sus licenciantes, entendi\u00e9ndose estos, con car\u00e1cter enunciativo y no limitativo, el dise\u00f1o gr\u00e1fico, c\u00f3digo fuente, logos, textos, ilustraciones, fotograf\u00edas, y dem\u00e1s elementos que aparecen en la Web.<br>Igualmente, todos los nombres comerciales, marcas o signos distintivos de cualquier clase contenidos en el Web est\u00e1n protegidos por la Ley.<br>Audi Guatemala no concede ning\u00fan tipo de licencia o autorizaci\u00f3n de uso personal al Usuario sobre sus derechos de propiedad intelectual e industrial y\/o de sus licenciantes o sobre cualquier otro derecho relacionado con su Web y los servicios ofrecidos en la misma.<br>Por ello, el Usuario reconoce que la reproducci\u00f3n, distribuci\u00f3n, comercializaci\u00f3n o transformaci\u00f3n no autorizadas de los elementos indicados en los apartados anteriores constituye una infracci\u00f3n de los derechos de propiedad intelectual y\/o industrial de Audi Guatemala o del titular de los mismos.<\/p>\n\n\n\n<h2 class=\"wp-block-heading\">R\u00e9gimen de responsabilidad<\/h2>\n\n\n\n<p>Responsabilidad por el Uso del Web. El Usuario es el \u00fanico responsable de las infracciones en las que pueda incurrir o de los perjuicios que pueda causar o causarse por la utilizaci\u00f3n del Web, quedando Audi Guatemala exonerada de cualquier clase de responsabilidad que se pudiera derivar por las acciones del Usuario. El Usuario es el \u00fanico responsable frente a cualquier reclamaci\u00f3n o acci\u00f3n legal, judicial o extrajudicial, iniciada por terceras personas contra Audi Guatemala basada en la utilizaci\u00f3n del Web por el Usuario. En su caso, el Usuario asumir\u00e1 cuantos gastos, costes e indemnizaciones sean irrogados a Audi Guatemala con motivo de tales reclamaciones o acciones legales.<br>Responsabilidad por el funcionamiento del Web. Audi Guatemala excluye toda responsabilidad que se pudiera derivar de interferencias, omisiones, interrupciones, virus inform\u00e1ticos, aver\u00edas telef\u00f3nicas o desconexiones en el funcionamiento operativo del sistema electr\u00f3nico, motivado por causas ajenas a Audi Guatemala. Asimismo, Audi Guatemala tambi\u00e9n excluye cualquier responsabilidad que pudiera derivarse por retrasos o bloqueos en el funcionamiento operativo de este sistema electr\u00f3nico causado por deficiencias o sobre carga en las l\u00edneas telef\u00f3nicas o en Internet, as\u00ed como de da\u00f1os causados por terceras personas mediante intromisiones ileg\u00edtimas fuera del control de Audi Guatemala.<br>Responsabilidad por links. Audi Guatemala declina toda responsabilidad respecto a la informaci\u00f3n que se halle fuera del Web ya que la funci\u00f3n de los links que aparecen es \u00fanicamente la de informar al Usuario sobre la existencia de otras fuentes de informaci\u00f3n sobre un tema en concreto. Audi Guatemala se exonera de toda responsabilidad por el correcto funcionamiento de tales enlaces, del resultado obtenido a trav\u00e9s de dichos enlaces, de la veracidad y licitud del contenido o informaci\u00f3n a la que se puede acceder, as\u00ed como de los perjuicios que se pueda sufrir en virtud de la informaci\u00f3n encontrada en la web enlazada, ya que dichos links son administrados en su mayor\u00eda por terceros y el acceso a los mismos es totalmente a criterio y voluntad del Usuario.<\/p>\n\n\n\n<h2 class=\"wp-block-heading\">Pol\u00edtica de datos personales<\/h2>\n\n\n\n<p>A trav\u00e9s de formularios. Sin perjuicio de lo previsto en lo indicado en cada uno de los formularios de la Web, cuando el Usuario facilite sus datos de car\u00e1cter personal en alguno de los formularios del Web, est\u00e1 autorizando expresamente a Audi Guatemala al tratamiento automatizado de sus Datos Personales para las finalidades que en los mismos se indiquen. Si el Usuario no desea dar esta autorizaci\u00f3n, debe abstenerse de utilizar el Web, as\u00ed como de proporcionar la informaci\u00f3n requerida en los formularios.<br>Audi Guatemala no ceder\u00e1 o comunicar\u00e1 a terceros los datos recabados a no ser que el Usuario haya dado su consentimiento.<br>El Usuario podr\u00e1 ejercitar sus derechos de acceso, actualizaci\u00f3n, rectificaci\u00f3n, cancelaci\u00f3n u oposici\u00f3n, mediante el env\u00edo de una carta con acuse de recibo, al domicilio indicado en el apartado de \u201cQuienes Somos\u201d del presente \u201cAviso Legal\u201d.<br>Se advierte al Usuario que esta Web utiliza cookies. Los cookies son peque\u00f1os ficheros de datos que se generan en el ordenador del usuario y que nos permiten conocer la siguiente informaci\u00f3n:<\/p>\n\n\n\n<ul class=\"wp-block-list\">\n<li>La fecha y hora de la \u00faltima vez que el Usuario visit\u00f3 nuestra web.<\/li>\n\n\n\n<li>El dise\u00f1o de contenidos que el Usuario escogi\u00f3 en su primera visita a nuestro web.<\/li>\n\n\n\n<li>Elementos de seguridad que interviene en el control de acceso a las \u00e1reas restringidas.<\/li>\n\n\n\n<li>Otros datos: <br>El Usuario tiene la opci\u00f3n de impedir la generaci\u00f3n de cookies, mediante la selecci\u00f3n de la correspondiente opci\u00f3n en su programa Navegador:\n<ul class=\"wp-block-list\">\n<li>Si utiliza Microsoft Internet Explorer, en la opci\u00f3n de men\u00fa Ver, seleccionando Opciones de Internet y accediendo a Opciones Avanzadas.<\/li>\n\n\n\n<li>Si utiliza Netscape, en la opci\u00f3n de men\u00fa Edici\u00f3n, seleccionando Preferencias, y accediendo a la categor\u00eda Avanzadas. Audi Guatemala le agradece que active la aceptaci\u00f3n de cookies, esto nos ayuda a obtener datos m\u00e1s precisos que nos permiten mejorar el contenido y el dise\u00f1o de nuestra p\u00e1gina web para adaptarlo a sus preferencias.<\/li>\n<\/ul>\n<\/li>\n<\/ul>\n","protected":false},"excerpt":{"rendered":"<p>Pol\u00edtica de privacidad El presente documento tiene por objeto regular el uso de esta p\u00e1gina web (en adelante denominado como Web) que Regesa, S.A., (en adelante denominada como Audi Guatemala) pone a disposici\u00f3n del p\u00fablico en la URL http:\/\/www.audic.om.gt La utilizaci\u00f3n del Web por un tercero le atribuye la condici\u00f3n de Usuario y, supone la [&hellip;]<\/p>\n","protected":false},"author":1,"featured_media":0,"parent":0,"menu_order":0,"comment_status":"closed","ping_status":"closed","template":"template-legal.php","meta":{"_acf_changed":false,"footnotes":""},"class_list":["post-2","page","type-page","status-publish","hentry"],"acf":[],"yoast_head":"<!-- This site is optimized with the Yoast SEO plugin v25.1 - https:\/\/yoast.com\/wordpress\/plugins\/seo\/ -->\n<title>Aviso de Privacidad - Guatemala<\/title>\n<meta name=\"robots\" content=\"index, follow, max-snippet:-1, max-image-preview:large, max-video-preview:-1\" \/>\n<link rel=\"canonical\" href=\"https:\/\/audilatinoamerica-contact.com\/gt\/privacy\/\" \/>\n<meta property=\"og:locale\" content=\"es_MX\" \/>\n<meta property=\"og:type\" content=\"article\" \/>\n<meta property=\"og:title\" content=\"Aviso de Privacidad - Guatemala\" \/>\n<meta property=\"og:description\" content=\"Pol\u00edtica de privacidad El presente documento tiene por objeto regular el uso de esta p\u00e1gina web (en adelante denominado como Web) que Regesa, S.A., (en adelante denominada como Audi Guatemala) pone a disposici\u00f3n del p\u00fablico en la URL http:\/\/www.audic.om.gt La utilizaci\u00f3n del Web por un tercero le atribuye la condici\u00f3n de Usuario y, supone la [&hellip;]\" \/>\n<meta property=\"og:url\" content=\"https:\/\/audilatinoamerica-contact.com\/gt\/privacy\/\" \/>\n<meta property=\"og:site_name\" content=\"Guatemala\" \/>\n<meta property=\"article:modified_time\" content=\"2024-07-29T23:43:18+00:00\" \/>\n<meta name=\"twitter:card\" content=\"summary_large_image\" \/>\n<meta name=\"twitter:label1\" content=\"Tiempo de lectura\" \/>\n\t<meta name=\"twitter:data1\" content=\"6 minutos\" \/>\n<script type=\"application\/ld+json\" class=\"yoast-schema-graph\">{\"@context\":\"https:\/\/schema.org\",\"@graph\":[{\"@type\":\"WebPage\",\"@id\":\"https:\/\/audilatinoamerica-contact.com\/gt\/privacy\/\",\"url\":\"https:\/\/audilatinoamerica-contact.com\/gt\/privacy\/\",\"name\":\"Aviso de Privacidad - Guatemala\",\"isPartOf\":{\"@id\":\"https:\/\/audilatinoamerica-contact.com\/gt\/#website\"},\"datePublished\":\"2024-03-14T20:17:44+00:00\",\"dateModified\":\"2024-07-29T23:43:18+00:00\",\"breadcrumb\":{\"@id\":\"https:\/\/audilatinoamerica-contact.com\/gt\/privacy\/#breadcrumb\"},\"inLanguage\":\"es\",\"potentialAction\":[{\"@type\":\"ReadAction\",\"target\":[\"https:\/\/audilatinoamerica-contact.com\/gt\/privacy\/\"]}]},{\"@type\":\"BreadcrumbList\",\"@id\":\"https:\/\/audilatinoamerica-contact.com\/gt\/privacy\/#breadcrumb\",\"itemListElement\":[{\"@type\":\"ListItem\",\"position\":1,\"name\":\"Inicio\",\"item\":\"https:\/\/audilatinoamerica-contact.com\/gt\/\"},{\"@type\":\"ListItem\",\"position\":2,\"name\":\"Aviso de Privacidad\"}]},{\"@type\":\"WebSite\",\"@id\":\"https:\/\/audilatinoamerica-contact.com\/gt\/#website\",\"url\":\"https:\/\/audilatinoamerica-contact.com\/gt\/\",\"name\":\"Guatemala\",\"description\":\"\",\"potentialAction\":[{\"@type\":\"SearchAction\",\"target\":{\"@type\":\"EntryPoint\",\"urlTemplate\":\"https:\/\/audilatinoamerica-contact.com\/gt\/?s={search_term_string}\"},\"query-input\":{\"@type\":\"PropertyValueSpecification\",\"valueRequired\":true,\"valueName\":\"search_term_string\"}}],\"inLanguage\":\"es\"}]}<\/script>\n<!-- \/ Yoast SEO plugin. -->","yoast_head_json":{"title":"Aviso de Privacidad - Guatemala","robots":{"index":"index","follow":"follow","max-snippet":"max-snippet:-1","max-image-preview":"max-image-preview:large","max-video-preview":"max-video-preview:-1"},"canonical":"https:\/\/audilatinoamerica-contact.com\/gt\/privacy\/","og_locale":"es_MX","og_type":"article","og_title":"Aviso de Privacidad - Guatemala","og_description":"Pol\u00edtica de privacidad El presente documento tiene por objeto regular el uso de esta p\u00e1gina web (en adelante denominado como Web) que Regesa, S.A., (en adelante denominada como Audi Guatemala) pone a disposici\u00f3n del p\u00fablico en la URL http:\/\/www.audic.om.gt La utilizaci\u00f3n del Web por un tercero le atribuye la condici\u00f3n de Usuario y, supone la [&hellip;]","og_url":"https:\/\/audilatinoamerica-contact.com\/gt\/privacy\/","og_site_name":"Guatemala","article_modified_time":"2024-07-29T23:43:18+00:00","twitter_card":"summary_large_image","twitter_misc":{"Tiempo de lectura":"6 minutos"},"schema":{"@context":"https:\/\/schema.org","@graph":[{"@type":"WebPage","@id":"https:\/\/audilatinoamerica-contact.com\/gt\/privacy\/","url":"https:\/\/audilatinoamerica-contact.com\/gt\/privacy\/","name":"Aviso de Privacidad - Guatemala","isPartOf":{"@id":"https:\/\/audilatinoamerica-contact.com\/gt\/#website"},"datePublished":"2024-03-14T20:17:44+00:00","dateModified":"2024-07-29T23:43:18+00:00","breadcrumb":{"@id":"https:\/\/audilatinoamerica-contact.com\/gt\/privacy\/#breadcrumb"},"inLanguage":"es","potentialAction":[{"@type":"ReadAction","target":["https:\/\/audilatinoamerica-contact.com\/gt\/privacy\/"]}]},{"@type":"BreadcrumbList","@id":"https:\/\/audilatinoamerica-contact.com\/gt\/privacy\/#breadcrumb","itemListElement":[{"@type":"ListItem","position":1,"name":"Inicio","item":"https:\/\/audilatinoamerica-contact.com\/gt\/"},{"@type":"ListItem","position":2,"name":"Aviso de Privacidad"}]},{"@type":"WebSite","@id":"https:\/\/audilatinoamerica-contact.com\/gt\/#website","url":"https:\/\/audilatinoamerica-contact.com\/gt\/","name":"Guatemala","description":"","potentialAction":[{"@type":"SearchAction","target":{"@type":"EntryPoint","urlTemplate":"https:\/\/audilatinoamerica-contact.com\/gt\/?s={search_term_string}"},"query-input":{"@type":"PropertyValueSpecification","valueRequired":true,"valueName":"search_term_string"}}],"inLanguage":"es"}]}},"_links":{"self":[{"href":"https:\/\/audilatinoamerica-contact.com\/gt\/wp-json\/wp\/v2\/pages\/2","targetHints":{"allow":["GET"]}}],"collection":[{"href":"https:\/\/audilatinoamerica-contact.com\/gt\/wp-json\/wp\/v2\/pages"}],"about":[{"href":"https:\/\/audilatinoamerica-contact.com\/gt\/wp-json\/wp\/v2\/types\/page"}],"author":[{"embeddable":true,"href":"https:\/\/audilatinoamerica-contact.com\/gt\/wp-json\/wp\/v2\/users\/1"}],"replies":[{"embeddable":true,"href":"https:\/\/audilatinoamerica-contact.com\/gt\/wp-json\/wp\/v2\/comments?post=2"}],"version-history":[{"count":2,"href":"https:\/\/audilatinoamerica-contact.com\/gt\/wp-json\/wp\/v2\/pages\/2\/revisions"}],"predecessor-version":[{"id":24,"href":"https:\/\/audilatinoamerica-contact.com\/gt\/wp-json\/wp\/v2\/pages\/2\/revisions\/24"}],"wp:attachment":[{"href":"https:\/\/audilatinoamerica-contact.com\/gt\/wp-json\/wp\/v2\/media?parent=2"}],"curies":[{"name":"wp","href":"https:\/\/api.w.org\/{rel}","templated":true}]}}