{"id":16,"date":"2024-04-02T18:24:42","date_gmt":"2024-04-02T18:24:42","guid":{"rendered":"https:\/\/audilatinoamerica-contact.com\/mrfr\/?page_id=16"},"modified":"2024-08-06T17:40:43","modified_gmt":"2024-08-06T17:40:43","slug":"privacy","status":"publish","type":"page","link":"https:\/\/audilatinoamerica-contact.com\/mrfr\/privacy\/","title":{"rendered":"Politique De Confidentialit\u00e9"},"content":{"rendered":"\n<p>\u00c9diteurs du site a pour principe de prot\u00e9ger la vie priv\u00e9e de ses utilisateurs. Vous disposez en pied de page de chaque page du site d\u2019un lien vers la politique de confidentialit\u00e9 (D\u00e9claration de confidentialit\u00e9) mis en place par l\u2019\u00e9diteur du site. Veuillez la consulter.<\/p>\n\n\n\n<h3 class=\"wp-block-heading\">CONCESSION PAR L\u2019UTILISATEUR D\u2019UNE LICENCE LIMIT\u00c9E \u00c0 L&rsquo;\u00c9DITEURS DU SITE<\/h3>\n\n\n\n<p>En publiant, soumettant ou transmettant de toute autre mani\u00e8re des informations, un contenu ou des \u00e9l\u00e9ments vers ce site, y compris, mais de fa\u00e7on non limitative, des feedbacks (retour d\u2019informations), donn\u00e9es, r\u00e9ponses, questions, commentaires, suggestions, projets, id\u00e9es, etc.<br><br>1. sauf cas pr\u00e9vu par la loi, vous autorisez l\u2019\u00e9diteur du site, ses soci\u00e9t\u00e9s m\u00e8res et affili\u00e9es, partenaires, filiales et titulaires de licence, \u00e0 utiliser, reproduire, afficher, ex\u00e9cuter, adapter, modifier, distribuer, faire distribuer et promouvoir les informations, le contenu ou les \u00e9l\u00e9ments sous quelque forme que ce soit, en quelque lieu que ce soit et pour quelque but commercial ou non que ce soit, sans \u00e9mettre de restriction ni attendre de compensation, et<br><br>2. vous garantissez et d\u00e9clarez que vous poss\u00e9dez, ou contr\u00f4lez d\u2019une autre mani\u00e8re, tous les droits li\u00e9s au contenu et que la diffusion publique et l\u2019utilisation de votre contenu par l\u2019\u00e9diteur du site n\u2019affectera et n\u2019enfreindra pas les droits d\u2019un tiers.<\/p>\n\n\n\n<h3 class=\"wp-block-heading\">CONSENTEMENT DE L\u2019UTILISATEUR RELATIF A LA V\u00c9RIFICATION ET LA DIVULGATION<\/h3>\n\n\n\n<p>L\u2019\u00e9diteur du site n\u2019a pas d\u2019obligation de v\u00e9rification des informations r\u00e9sidant sur son site ou transmises \u00e0 celui-ci. Cependant, toute personne utilisant le site accepte que l\u2019\u00e9diteur du site v\u00e9rifie p\u00e9riodiquement le contenu de celui-ci, (1) pour se conformer \u00e0 une loi, \u00e0 un r\u00e8glement ou \u00e0 une demande des autorit\u00e9s; (2) pour faire fonctionner le site correctement ou pour se prot\u00e9ger et prot\u00e9ger ses utilisateurs; ou (3) pour toute autre raison, \u00e0 sa seule discr\u00e9tion. L\u2019\u00e9diteur du site se r\u00e9serve le droit de modifier, de refuser ou de supprimer toute information r\u00e9sidant sur le site ou transmise \u00e0 celui-ci si l\u2019\u00e9diteur du site consid\u00e8re, \u00e0 sa seule discr\u00e9tion, que cette information est inacceptable ou en infraction avec les pr\u00e9sentes conditions d\u2019utilisation.<br><br>Sauf cas pr\u00e9vu par la loi, si un utilisateur des donn\u00e9es de ce site fournit \u00e0 ce Site des informations, y compris, mais de fa\u00e7on non limitative, des donn\u00e9es, r\u00e9ponses, questions, commentaires, suggestions, projets, id\u00e9es, etc., ces informations seront consid\u00e9r\u00e9es comme non confidentielles et \u00c9diteur du Site ne s\u2019engage pas \u00e0 les prot\u00e9ger de la divulgation.<\/p>\n\n\n\n<h3 class=\"wp-block-heading\">PROC\u00c9DURE DE R\u00c9CLAMATION POUR CONTREFA\u00c7ON<\/h3>\n\n\n\n<p>Si vous pensez que votre travail a \u00e9t\u00e9 copi\u00e9 et qu\u2019il est accessible sur ce site d\u2019une mani\u00e8re constituant une contrefa\u00e7on, vous pouvez en informer l\u2019\u00e9diteur du site par l\u2019interm\u00e9diaire du formulaire de contact mis \u00e0 disposition sur ce site.<\/p>\n\n\n\n<h3 class=\"wp-block-heading\">LOI APPLICABLE ET TRIBUNAL COMP\u00c9TENT<\/h3>\n\n\n\n<p>Ces conditions d\u2019utilisation seront r\u00e9gies et interpr\u00e9t\u00e9es par les lois Fran\u00e7aises. Les contrats de licence r\u00e9gissant votre utilisation d\u2019\u00e9l\u00e9ments tiers sur le site peuvent contenir des dispositions exigeant l\u2019intervention de tribunaux \u00e9trangers pour la r\u00e9solution de litiges li\u00e9s \u00e0 ces contrats. Lorsque vous recevez des informations provenant d\u2019un tiers, un logo ou une autre indication appara\u00eet pour vous permettre d\u2019identifier celui-ci.<\/p>\n\n\n\n<h3 class=\"wp-block-heading\">DIVISIBILIT\u00c9 ET INT\u00c9GRALIT\u00c9<\/h3>\n\n\n\n<p>Sauf mention contraire dans le pr\u00e9sent document, cet accord constitue la totalit\u00e9 du contrat pass\u00e9 entre vous et l\u2019\u00e9diteur du site en ce qui concerne le site, et il annule et remplace toutes les communications et propositions ant\u00e9rieures ou simultan\u00e9es (qu\u2019elles soient orales, \u00e9crites ou \u00e9lectroniques) relatives \u00e0 ce site entre vous et l\u2019\u00e9diteur du site, ses soci\u00e9t\u00e9s m\u00e8res ou affili\u00e9es ou conc\u00e9dants de licence. Si une partie de ces conditions d\u2019utilisation \u00e9tait consid\u00e9r\u00e9e comme invalide ou inapplicable, elle devrait \u00eatre interpr\u00e9t\u00e9e selon la loi en vigueur de mani\u00e8re \u00e0 identifier au mieux les intentions initiales des parties, et le reste des pr\u00e9sentes des conditions demeurera en vigueur.<\/p>\n\n\n\n<h3 class=\"wp-block-heading\">R\u00c9SILIATION<\/h3>\n\n\n\n<p>L\u2019\u00e9diteur du site se r\u00e9serve le droit, \u00e0 sa seule discr\u00e9tion, de mettre fin \u00e0 votre acc\u00e8s \u00e0 la totalit\u00e9 ou \u00e0 une partie de ce site, avec ou sans pr\u00e9avis.<\/p>\n\n\n\n<h3 class=\"wp-block-heading\">EXPORTATION<\/h3>\n\n\n\n<p>Vous vous engagez \u00e0 ne jamais exporter vers quelque destination que ce soit toute partie du contenu ou des \u00e9l\u00e9ments qui vous sont fournis, ou tout produit directement obtenu par ce contenu ou ces \u00e9l\u00e9ments, sauf si cela est en conformit\u00e9 avec les lois, r\u00e8glements et r\u00e8gles en vigueur en mati\u00e8re d\u2019exportation.<\/p>\n\n\n\n<h3 class=\"wp-block-heading\">AVIS DE COPYRIGHT ET DE MARQUES D\u00c9POS\u00c9ES<\/h3>\n\n\n\n<p>Tous droits r\u00e9serv\u00e9s. La reproduction de tout \u00e9l\u00e9ment du pr\u00e9sent site ou de tout autre contenu se trouvant sur le site web autre que ceux express\u00e9ment envisag\u00e9s dans le pr\u00e9sent document est strictement interdite. L\u2019utilisation de tous les documents et graphiques associ\u00e9s ainsi que de tout autre \u00e9l\u00e9ment fourni sur ce site web est soumise aux conditions d\u2019utilisation figurant ci-dessus.<\/p>\n\n\n\n<h2 class=\"wp-block-heading\">Marques d\u00e9pos\u00e9es<\/h2>\n\n\n\n<p>La soci\u00e9t\u00e9 \u00e9ditrice du site, son logo, ainsi que tous les noms de produits et de services, dessins marques et slogans s\u2019y rapportant sont des marques d\u00e9pos\u00e9es, marques de service ou marques de commerce d\u00e9pos\u00e9es de l\u2019\u00e9diteur du site, et ils ne peuvent pas \u00eatre utilis\u00e9s \u00e0 des fins commerciales sans son consentement \u00e9crit pr\u00e9alable. Toutes les autres marques de produits et de services de ce site sont des marques d\u00e9pos\u00e9es de leurs propri\u00e9taires respectifs.<\/p>\n\n\n\n<h2 class=\"wp-block-heading\">Autres avis de copyright<\/h2>\n\n\n\n<p>Les autres avis de copyright concernent les donn\u00e9es provenant de tiers utilis\u00e9es pour cr\u00e9er ce service Internet.<\/p>\n\n\n\n<h2 class=\"wp-block-heading\">Contact<\/h2>\n\n\n\n<p>Pour obtenir davantage d\u2019informations relatives aux questions juridiques contenues dans ces conditions d\u2019utilisation, ou \u00e0 des questions ou probl\u00e8mes concernant ce service, veuillez \u00e9crire en utilisant le formulaire de contact mis \u00e0 votre disposition sur ce site.<\/p>\n","protected":false},"excerpt":{"rendered":"<p>\u00c9diteurs du site a pour principe de prot\u00e9ger la vie priv\u00e9e de ses utilisateurs. Vous disposez en pied de page de chaque page du site d\u2019un lien vers la politique de confidentialit\u00e9 (D\u00e9claration de confidentialit\u00e9) mis en place par l\u2019\u00e9diteur du site. Veuillez la consulter. CONCESSION PAR L\u2019UTILISATEUR D\u2019UNE LICENCE LIMIT\u00c9E \u00c0 L&rsquo;\u00c9DITEURS DU SITE [&hellip;]<\/p>\n","protected":false},"author":1,"featured_media":0,"parent":0,"menu_order":0,"comment_status":"closed","ping_status":"closed","template":"template-legal.php","meta":{"_acf_changed":false,"footnotes":""},"class_list":["post-16","page","type-page","status-publish","hentry"],"acf":[],"yoast_head":"<!-- This site is optimized with the Yoast SEO plugin v25.1 - https:\/\/yoast.com\/wordpress\/plugins\/seo\/ -->\n<title>Politique De Confidentialit\u00e9 - Martinique<\/title>\n<meta name=\"robots\" content=\"index, follow, max-snippet:-1, max-image-preview:large, max-video-preview:-1\" \/>\n<link rel=\"canonical\" href=\"https:\/\/audilatinoamerica-contact.com\/mrfr\/privacy\/\" \/>\n<meta property=\"og:locale\" content=\"fr_FR\" \/>\n<meta property=\"og:type\" content=\"article\" \/>\n<meta property=\"og:title\" content=\"Politique De Confidentialit\u00e9 - Martinique\" \/>\n<meta property=\"og:description\" content=\"\u00c9diteurs du site a pour principe de prot\u00e9ger la vie priv\u00e9e de ses utilisateurs. Vous disposez en pied de page de chaque page du site d\u2019un lien vers la politique de confidentialit\u00e9 (D\u00e9claration de confidentialit\u00e9) mis en place par l\u2019\u00e9diteur du site. Veuillez la consulter. CONCESSION PAR L\u2019UTILISATEUR D\u2019UNE LICENCE LIMIT\u00c9E \u00c0 L&rsquo;\u00c9DITEURS DU SITE [&hellip;]\" \/>\n<meta property=\"og:url\" content=\"https:\/\/audilatinoamerica-contact.com\/mrfr\/privacy\/\" \/>\n<meta property=\"og:site_name\" content=\"Martinique\" \/>\n<meta property=\"article:modified_time\" content=\"2024-08-06T17:40:43+00:00\" \/>\n<meta name=\"twitter:card\" content=\"summary_large_image\" \/>\n<meta name=\"twitter:label1\" content=\"Dur\u00e9e de lecture estim\u00e9e\" \/>\n\t<meta name=\"twitter:data1\" content=\"5 minutes\" \/>\n<script type=\"application\/ld+json\" class=\"yoast-schema-graph\">{\"@context\":\"https:\/\/schema.org\",\"@graph\":[{\"@type\":\"WebPage\",\"@id\":\"https:\/\/audilatinoamerica-contact.com\/mrfr\/privacy\/\",\"url\":\"https:\/\/audilatinoamerica-contact.com\/mrfr\/privacy\/\",\"name\":\"Politique De Confidentialit\u00e9 - Martinique\",\"isPartOf\":{\"@id\":\"https:\/\/audilatinoamerica-contact.com\/mrfr\/#website\"},\"datePublished\":\"2024-04-02T18:24:42+00:00\",\"dateModified\":\"2024-08-06T17:40:43+00:00\",\"breadcrumb\":{\"@id\":\"https:\/\/audilatinoamerica-contact.com\/mrfr\/privacy\/#breadcrumb\"},\"inLanguage\":\"fr-FR\",\"potentialAction\":[{\"@type\":\"ReadAction\",\"target\":[\"https:\/\/audilatinoamerica-contact.com\/mrfr\/privacy\/\"]}]},{\"@type\":\"BreadcrumbList\",\"@id\":\"https:\/\/audilatinoamerica-contact.com\/mrfr\/privacy\/#breadcrumb\",\"itemListElement\":[{\"@type\":\"ListItem\",\"position\":1,\"name\":\"Accueil\",\"item\":\"https:\/\/audilatinoamerica-contact.com\/mrfr\/\"},{\"@type\":\"ListItem\",\"position\":2,\"name\":\"Politique De Confidentialit\u00e9\"}]},{\"@type\":\"WebSite\",\"@id\":\"https:\/\/audilatinoamerica-contact.com\/mrfr\/#website\",\"url\":\"https:\/\/audilatinoamerica-contact.com\/mrfr\/\",\"name\":\"Martinique\",\"description\":\"\",\"potentialAction\":[{\"@type\":\"SearchAction\",\"target\":{\"@type\":\"EntryPoint\",\"urlTemplate\":\"https:\/\/audilatinoamerica-contact.com\/mrfr\/?s={search_term_string}\"},\"query-input\":{\"@type\":\"PropertyValueSpecification\",\"valueRequired\":true,\"valueName\":\"search_term_string\"}}],\"inLanguage\":\"fr-FR\"}]}<\/script>\n<!-- \/ Yoast SEO plugin. -->","yoast_head_json":{"title":"Politique De Confidentialit\u00e9 - Martinique","robots":{"index":"index","follow":"follow","max-snippet":"max-snippet:-1","max-image-preview":"max-image-preview:large","max-video-preview":"max-video-preview:-1"},"canonical":"https:\/\/audilatinoamerica-contact.com\/mrfr\/privacy\/","og_locale":"fr_FR","og_type":"article","og_title":"Politique De Confidentialit\u00e9 - Martinique","og_description":"\u00c9diteurs du site a pour principe de prot\u00e9ger la vie priv\u00e9e de ses utilisateurs. Vous disposez en pied de page de chaque page du site d\u2019un lien vers la politique de confidentialit\u00e9 (D\u00e9claration de confidentialit\u00e9) mis en place par l\u2019\u00e9diteur du site. Veuillez la consulter. CONCESSION PAR L\u2019UTILISATEUR D\u2019UNE LICENCE LIMIT\u00c9E \u00c0 L&rsquo;\u00c9DITEURS DU SITE [&hellip;]","og_url":"https:\/\/audilatinoamerica-contact.com\/mrfr\/privacy\/","og_site_name":"Martinique","article_modified_time":"2024-08-06T17:40:43+00:00","twitter_card":"summary_large_image","twitter_misc":{"Dur\u00e9e de lecture estim\u00e9e":"5 minutes"},"schema":{"@context":"https:\/\/schema.org","@graph":[{"@type":"WebPage","@id":"https:\/\/audilatinoamerica-contact.com\/mrfr\/privacy\/","url":"https:\/\/audilatinoamerica-contact.com\/mrfr\/privacy\/","name":"Politique De Confidentialit\u00e9 - Martinique","isPartOf":{"@id":"https:\/\/audilatinoamerica-contact.com\/mrfr\/#website"},"datePublished":"2024-04-02T18:24:42+00:00","dateModified":"2024-08-06T17:40:43+00:00","breadcrumb":{"@id":"https:\/\/audilatinoamerica-contact.com\/mrfr\/privacy\/#breadcrumb"},"inLanguage":"fr-FR","potentialAction":[{"@type":"ReadAction","target":["https:\/\/audilatinoamerica-contact.com\/mrfr\/privacy\/"]}]},{"@type":"BreadcrumbList","@id":"https:\/\/audilatinoamerica-contact.com\/mrfr\/privacy\/#breadcrumb","itemListElement":[{"@type":"ListItem","position":1,"name":"Accueil","item":"https:\/\/audilatinoamerica-contact.com\/mrfr\/"},{"@type":"ListItem","position":2,"name":"Politique De Confidentialit\u00e9"}]},{"@type":"WebSite","@id":"https:\/\/audilatinoamerica-contact.com\/mrfr\/#website","url":"https:\/\/audilatinoamerica-contact.com\/mrfr\/","name":"Martinique","description":"","potentialAction":[{"@type":"SearchAction","target":{"@type":"EntryPoint","urlTemplate":"https:\/\/audilatinoamerica-contact.com\/mrfr\/?s={search_term_string}"},"query-input":{"@type":"PropertyValueSpecification","valueRequired":true,"valueName":"search_term_string"}}],"inLanguage":"fr-FR"}]}},"_links":{"self":[{"href":"https:\/\/audilatinoamerica-contact.com\/mrfr\/wp-json\/wp\/v2\/pages\/16","targetHints":{"allow":["GET"]}}],"collection":[{"href":"https:\/\/audilatinoamerica-contact.com\/mrfr\/wp-json\/wp\/v2\/pages"}],"about":[{"href":"https:\/\/audilatinoamerica-contact.com\/mrfr\/wp-json\/wp\/v2\/types\/page"}],"author":[{"embeddable":true,"href":"https:\/\/audilatinoamerica-contact.com\/mrfr\/wp-json\/wp\/v2\/users\/1"}],"replies":[{"embeddable":true,"href":"https:\/\/audilatinoamerica-contact.com\/mrfr\/wp-json\/wp\/v2\/comments?post=16"}],"version-history":[{"count":4,"href":"https:\/\/audilatinoamerica-contact.com\/mrfr\/wp-json\/wp\/v2\/pages\/16\/revisions"}],"predecessor-version":[{"id":31,"href":"https:\/\/audilatinoamerica-contact.com\/mrfr\/wp-json\/wp\/v2\/pages\/16\/revisions\/31"}],"wp:attachment":[{"href":"https:\/\/audilatinoamerica-contact.com\/mrfr\/wp-json\/wp\/v2\/media?parent=16"}],"curies":[{"name":"wp","href":"https:\/\/api.w.org\/{rel}","templated":true}]}}