{"id":15,"date":"2024-04-02T18:25:05","date_gmt":"2024-04-02T18:25:05","guid":{"rendered":"https:\/\/audilatinoamerica-contact.com\/py\/?page_id=15"},"modified":"2024-09-12T18:34:51","modified_gmt":"2024-09-12T18:34:51","slug":"terms","status":"publish","type":"page","link":"https:\/\/audilatinoamerica-contact.com\/py\/terms\/","title":{"rendered":"Avisos Legales"},"content":{"rendered":"\n<p>La seguridad de los datos personales es una prioridad para <strong>DIESA S.A. y<\/strong>, con direcci\u00f3n en Avda. Eusebio Ayala Km. 4,5 \u2013 Asunci\u00f3n, con RUC N\u00b0 80001435-9, con contacto a correo electr\u00f3nico <a href=\"mailto:audi@diesa.com.py\">audi@diesa.com.py<\/a> y tel\u00e9fono +595 21 519 7500.<\/p>\n\n\n\n<p>Le rogamos leer atentamente estas Pol\u00edticas de Privacidad \/ Avisos Legales, y todo lo incorporado al mismo por referencia, antes de utilizar los servicios ofrecidos, ya que son obligatorios y vinculantes para las partes. En caso de tener alguna duda por favor comun\u00edcate con nosotros por uno de los medios indicados anteriormente.<\/p>\n\n\n\n<p>El presente documento tiene por objeto regular el uso de esta p\u00e1gina web (en adelante denominado como Web) que Audi pone a disposici\u00f3n del p\u00fablico. La utilizaci\u00f3n de la Web por un tercero le atribuye la condici\u00f3n de Usuario y, supone la aceptaci\u00f3n plena del Usuario de todas y cada una de las condiciones que se incorporan en el presente. Este sitio puede ofrecer a trav\u00e9s del sitio Web, servicios que podr\u00e1n someterse a condiciones particulares sobre las cuales se informar\u00e1 al Usuario en cada servicio concreto. Audi se compromete a velar por la exactitud y actualidad del contenido del sitio web, incluyendo \u2013 a t\u00edtulo enunciativo y seg\u00fan corresponda \u2013 los datos sobre los modelos, servicios, asistencia y otros.<\/p>\n\n\n\n<p>Este sitio web se esfuerza por ofrecer el m\u00e1s alto nivel de seguridad para lo cual se utiliza tecnolog\u00eda avanzada. No obstante, considerando el estado de la tecnolog\u00eda de transmisi\u00f3n de datos por Internet, ning\u00fan sistema resulta actualmente 100% seguro o libre de ataques.<\/p>\n\n\n\n<h2 class=\"wp-block-heading\"><strong>Uso correcto del sitio web.<\/strong><\/h2>\n\n\n\n<p>El Usuario se compromete a utilizar el sitio Web, los contenidos y servicios de conformidad con la Ley, el presente Aviso Legal, las buenas costumbres y el orden p\u00fablico. Del mismo modo el Usuario se obliga a no utilizar el sitio Web o los servicios que se presten a trav\u00e9s de \u00e9l con fines o efectos il\u00edcitos o contrarios al contenido del presente Aviso Legal, lesivos de los intereses o derechos de terceros, o que de cualquier forma pueda da\u00f1ar, inutilizar o deteriorar el sitio Web o sus servicios o impedir un normal disfrute del sitio Web por otros Usuarios.<\/p>\n\n\n\n<p>As\u00ed mismo, el Usuario se compromete expresamente a no destruir, alterar, inutilizar o, de cualquier otra forma, da\u00f1ar los datos, programas o documentos electr\u00f3nicos y dem\u00e1s que se encuentren en este sitio web. El Usuario se compromete a no obstaculizar el acceso de otros usuarios al servicio de acceso mediante el consumo masivo de los recursos inform\u00e1ticos a trav\u00e9s de los cuales Audi, presta el servicio, as\u00ed como realizar acciones que da\u00f1en, interrumpan o generen errores en dichos sistemas.<\/p>\n\n\n\n<p>El Usuario se compromete a no introducir programas, virus, macros, applets, controles ActiveX o cualquier otro dispositivo l\u00f3gico o secuencia de caracteres que causen o sean susceptibles de causar cualquier tipo de alteraci\u00f3n en los sistemas inform\u00e1ticos de Audi o de terceros. El Usuario se compromete a no obtener informaciones, mensajes, gr\u00e1ficos, dibujos, archivos de sonido y\/o imagen, fotograf\u00edas, grabaciones, software y en general, cualquier clase de material accesible a trav\u00e9s del Web o de los servicios ofrecidos en el mismo.<\/p>\n\n\n\n<h2 class=\"wp-block-heading\"><strong>Errores\/Omisiones.<\/strong><\/h2>\n\n\n\n<p>La informaci\u00f3n y material contenido en este sitio web han sido controlados para que sean exactos; sin embargo, dicha informaci\u00f3n y material son suministrados sin ninguna garant\u00eda expresa o impl\u00edcita. <strong>AUDI<\/strong> no asume ninguna responsabilidad por cualquier error u omisi\u00f3n en dicha informaci\u00f3n y material.<\/p>\n\n\n\n<h2 class=\"wp-block-heading\"><strong>Propiedad Intelectual.<\/strong><\/h2>\n\n\n\n<p>Los elementos incluidos en este sitio web (fotos, dise\u00f1os, logos, etc.) no pueden ser reproducidos, usados, adaptados o comercializados sin la aprobaci\u00f3n escrita de <strong>AUDI.<\/strong><\/p>\n\n\n\n<p>Todos los contenidos del Web, salvo que se indique lo contrario, son titularidad exclusiva de Audi y, con car\u00e1cter enunciativo, no limitativo, el dise\u00f1o gr\u00e1fico, c\u00f3digo fuente, logos, textos, ilustraciones, fotograf\u00edas, y dem\u00e1s elementos que aparecen en la Web. Igualmente, todos los nombres comerciales, marcas o signos distintivos de cualquier clase contenidos en el sitio Web est\u00e1n protegidos por la Ley. Audi no concede ning\u00fan tipo de licencia o autorizaci\u00f3n de uso personal al Usuario sobre sus derechos de propiedad intelectual e industrial o sobre cualquier otro derecho relacionado con su Web y los servicios ofrecidos en la misma. Por ello, el Usuario reconoce que la reproducci\u00f3n, distribuci\u00f3n, comercializaci\u00f3n o transformaci\u00f3n no autorizadas de los elementos indicados en los apartados anteriores constituye una infracci\u00f3n de los derechos de propiedad intelectual y\/o industrial de Audi o del titular de los mismos.<\/p>\n\n\n\n<h2 class=\"wp-block-heading\"><strong>Modificaciones de nuestros Avisos legales<\/strong><\/h2>\n\n\n\n<p><strong>AUDI<\/strong> se reserva el derecho, a su exclusiva discreci\u00f3n, de modificar, alterar, agregar o eliminar partes de estas Pol\u00edticas de privacidad \/ Avisos legales en cualquier momento. Recomendamos que examine esta pol\u00edtica cada vez que visite el sitio web de <strong>AUDI<\/strong>.<\/p>\n\n\n\n<h2 class=\"wp-block-heading\"><strong>Autorizaciones<\/strong><\/h2>\n\n\n\n<p>Al utilizar el Sitio Web autorizo de manera expresa a AUDI a que, con el fin de realizar contactos comerciales tendientes a presentar ofertas, promociones, productos, anuncios, publicidad, oportunidades, sorteos, campa\u00f1as, programas de lealtad, fidelizaci\u00f3n, retenci\u00f3n de clientes y, en general, informaci\u00f3n de productos y servicios nuevos, ya solicitados o contratados, o no contratados pero que puedan ser de inter\u00e9s de mi inter\u00e9s; me contacte durante la vigencia de la relaci\u00f3n contractual que nos une y\/o posterior a la terminaci\u00f3n de la misma, por medio de: a) Llamadas de voz; b) Mensajes de texto o SMS; c) Mensajes con contenido multimedia (im\u00e1genes y\/o sonido); d) Radiomensajes; e) Mensajes y llamadas a trav\u00e9s de sistemas de mensajer\u00eda para smartphones (i.e. WhatsApp, Telegram, etc\u2026); f) Correos electr\u00f3nicos, y; g) Cualquier otra forma de comunicaci\u00f3n que requiera, para su realizaci\u00f3n, del n\u00famero de tel\u00e9fono m\u00f3vil del destinatario de dicha comunicaci\u00f3n. Dichos contactos podr\u00e1n ser realizados por AUDI a cualquiera de mis l\u00edneas telef\u00f3nicas y\/o correos electr\u00f3nicos informados. Asimismo, reconozco expresamente que la presente autorizaci\u00f3n la realizo en el entendimiento de que prevalecer\u00e1 sobre cualquier inscripci\u00f3n que haya hecho en la Sedeco para no recibir contenidos publicitarios en el marco de la Ley N\u00ba 5830\/2017 \u2013 Registro Nacional \u201cNo Molestar\u201d, en virtud a las excepciones previstas en el art\u00edculo 6\u00b0 de dicha ley; mientras no deje sin efecto esta autorizaci\u00f3n al Servicio de Atenci\u00f3n al Cliente de AUDI. Los contactos comerciales podr\u00e1n ser hechos de d\u00edas lunes a viernes de 8:00 a 18:00 hs.<\/p>\n\n\n\n<p>El usuario autoriza en forma irrevocable a AUDI, otorgando suficiente mandato en los t\u00e9rminos del Art. 917, inc. a) del C\u00f3digo Civil para que por propia cuenta o a trav\u00e9s de empresas especializadas de nuestro medio pueda recabar informaci\u00f3n de los Registros P\u00fablicos y\/o Privados referente a su situaci\u00f3n patrimonial, solvencia econ\u00f3mica o el cumplimiento de sus obligaciones comerciales respetando las leyes aplicables, incluida Ley&nbsp; N\u00b0 6534\/20, tal como se establece en nuestro Aviso de Privacidad. Esta autorizaci\u00f3n comprende asimismo la facultad de verificar, confirmar y\/o certificar los datos por ella declarados. La informaci\u00f3n que AUDI obtenga de estas entidades ser\u00e1 tratada en forma confidencial.<\/p>\n","protected":false},"excerpt":{"rendered":"<p>La seguridad de los datos personales es una prioridad para DIESA S.A. y, con direcci\u00f3n en Avda. Eusebio Ayala Km. 4,5 \u2013 Asunci\u00f3n, con RUC N\u00b0 80001435-9, con contacto a correo electr\u00f3nico audi@diesa.com.py y tel\u00e9fono +595 21 519 7500. Le rogamos leer atentamente estas Pol\u00edticas de Privacidad \/ Avisos Legales, y todo lo incorporado al [&hellip;]<\/p>\n","protected":false},"author":1,"featured_media":0,"parent":0,"menu_order":0,"comment_status":"closed","ping_status":"closed","template":"template-legal.php","meta":{"_acf_changed":false,"footnotes":""},"class_list":["post-15","page","type-page","status-publish","hentry"],"acf":[],"yoast_head":"<!-- This site is optimized with the Yoast SEO plugin v25.1 - https:\/\/yoast.com\/wordpress\/plugins\/seo\/ -->\n<title>Avisos Legales - Paraguay<\/title>\n<meta name=\"robots\" content=\"index, follow, max-snippet:-1, max-image-preview:large, max-video-preview:-1\" \/>\n<link rel=\"canonical\" href=\"https:\/\/audilatinoamerica-contact.com\/py\/terms\/\" \/>\n<meta property=\"og:locale\" content=\"es_MX\" \/>\n<meta property=\"og:type\" content=\"article\" \/>\n<meta property=\"og:title\" content=\"Avisos Legales - Paraguay\" \/>\n<meta property=\"og:description\" content=\"La seguridad de los datos personales es una prioridad para DIESA S.A. y, con direcci\u00f3n en Avda. Eusebio Ayala Km. 4,5 \u2013 Asunci\u00f3n, con RUC N\u00b0 80001435-9, con contacto a correo electr\u00f3nico audi@diesa.com.py y tel\u00e9fono +595 21 519 7500. Le rogamos leer atentamente estas Pol\u00edticas de Privacidad \/ Avisos Legales, y todo lo incorporado al [&hellip;]\" \/>\n<meta property=\"og:url\" content=\"https:\/\/audilatinoamerica-contact.com\/py\/terms\/\" \/>\n<meta property=\"og:site_name\" content=\"Paraguay\" \/>\n<meta property=\"article:modified_time\" content=\"2024-09-12T18:34:51+00:00\" \/>\n<meta name=\"twitter:card\" content=\"summary_large_image\" \/>\n<meta name=\"twitter:label1\" content=\"Tiempo de lectura\" \/>\n\t<meta name=\"twitter:data1\" content=\"6 minutos\" \/>\n<script type=\"application\/ld+json\" class=\"yoast-schema-graph\">{\"@context\":\"https:\/\/schema.org\",\"@graph\":[{\"@type\":\"WebPage\",\"@id\":\"https:\/\/audilatinoamerica-contact.com\/py\/terms\/\",\"url\":\"https:\/\/audilatinoamerica-contact.com\/py\/terms\/\",\"name\":\"Avisos Legales - Paraguay\",\"isPartOf\":{\"@id\":\"https:\/\/audilatinoamerica-contact.com\/py\/#website\"},\"datePublished\":\"2024-04-02T18:25:05+00:00\",\"dateModified\":\"2024-09-12T18:34:51+00:00\",\"breadcrumb\":{\"@id\":\"https:\/\/audilatinoamerica-contact.com\/py\/terms\/#breadcrumb\"},\"inLanguage\":\"es\",\"potentialAction\":[{\"@type\":\"ReadAction\",\"target\":[\"https:\/\/audilatinoamerica-contact.com\/py\/terms\/\"]}]},{\"@type\":\"BreadcrumbList\",\"@id\":\"https:\/\/audilatinoamerica-contact.com\/py\/terms\/#breadcrumb\",\"itemListElement\":[{\"@type\":\"ListItem\",\"position\":1,\"name\":\"Inicio\",\"item\":\"https:\/\/audilatinoamerica-contact.com\/py\/\"},{\"@type\":\"ListItem\",\"position\":2,\"name\":\"Avisos Legales\"}]},{\"@type\":\"WebSite\",\"@id\":\"https:\/\/audilatinoamerica-contact.com\/py\/#website\",\"url\":\"https:\/\/audilatinoamerica-contact.com\/py\/\",\"name\":\"Paraguay\",\"description\":\"\",\"potentialAction\":[{\"@type\":\"SearchAction\",\"target\":{\"@type\":\"EntryPoint\",\"urlTemplate\":\"https:\/\/audilatinoamerica-contact.com\/py\/?s={search_term_string}\"},\"query-input\":{\"@type\":\"PropertyValueSpecification\",\"valueRequired\":true,\"valueName\":\"search_term_string\"}}],\"inLanguage\":\"es\"}]}<\/script>\n<!-- \/ Yoast SEO plugin. -->","yoast_head_json":{"title":"Avisos Legales - Paraguay","robots":{"index":"index","follow":"follow","max-snippet":"max-snippet:-1","max-image-preview":"max-image-preview:large","max-video-preview":"max-video-preview:-1"},"canonical":"https:\/\/audilatinoamerica-contact.com\/py\/terms\/","og_locale":"es_MX","og_type":"article","og_title":"Avisos Legales - Paraguay","og_description":"La seguridad de los datos personales es una prioridad para DIESA S.A. y, con direcci\u00f3n en Avda. Eusebio Ayala Km. 4,5 \u2013 Asunci\u00f3n, con RUC N\u00b0 80001435-9, con contacto a correo electr\u00f3nico audi@diesa.com.py y tel\u00e9fono +595 21 519 7500. Le rogamos leer atentamente estas Pol\u00edticas de Privacidad \/ Avisos Legales, y todo lo incorporado al [&hellip;]","og_url":"https:\/\/audilatinoamerica-contact.com\/py\/terms\/","og_site_name":"Paraguay","article_modified_time":"2024-09-12T18:34:51+00:00","twitter_card":"summary_large_image","twitter_misc":{"Tiempo de lectura":"6 minutos"},"schema":{"@context":"https:\/\/schema.org","@graph":[{"@type":"WebPage","@id":"https:\/\/audilatinoamerica-contact.com\/py\/terms\/","url":"https:\/\/audilatinoamerica-contact.com\/py\/terms\/","name":"Avisos Legales - Paraguay","isPartOf":{"@id":"https:\/\/audilatinoamerica-contact.com\/py\/#website"},"datePublished":"2024-04-02T18:25:05+00:00","dateModified":"2024-09-12T18:34:51+00:00","breadcrumb":{"@id":"https:\/\/audilatinoamerica-contact.com\/py\/terms\/#breadcrumb"},"inLanguage":"es","potentialAction":[{"@type":"ReadAction","target":["https:\/\/audilatinoamerica-contact.com\/py\/terms\/"]}]},{"@type":"BreadcrumbList","@id":"https:\/\/audilatinoamerica-contact.com\/py\/terms\/#breadcrumb","itemListElement":[{"@type":"ListItem","position":1,"name":"Inicio","item":"https:\/\/audilatinoamerica-contact.com\/py\/"},{"@type":"ListItem","position":2,"name":"Avisos Legales"}]},{"@type":"WebSite","@id":"https:\/\/audilatinoamerica-contact.com\/py\/#website","url":"https:\/\/audilatinoamerica-contact.com\/py\/","name":"Paraguay","description":"","potentialAction":[{"@type":"SearchAction","target":{"@type":"EntryPoint","urlTemplate":"https:\/\/audilatinoamerica-contact.com\/py\/?s={search_term_string}"},"query-input":{"@type":"PropertyValueSpecification","valueRequired":true,"valueName":"search_term_string"}}],"inLanguage":"es"}]}},"_links":{"self":[{"href":"https:\/\/audilatinoamerica-contact.com\/py\/wp-json\/wp\/v2\/pages\/15","targetHints":{"allow":["GET"]}}],"collection":[{"href":"https:\/\/audilatinoamerica-contact.com\/py\/wp-json\/wp\/v2\/pages"}],"about":[{"href":"https:\/\/audilatinoamerica-contact.com\/py\/wp-json\/wp\/v2\/types\/page"}],"author":[{"embeddable":true,"href":"https:\/\/audilatinoamerica-contact.com\/py\/wp-json\/wp\/v2\/users\/1"}],"replies":[{"embeddable":true,"href":"https:\/\/audilatinoamerica-contact.com\/py\/wp-json\/wp\/v2\/comments?post=15"}],"version-history":[{"count":4,"href":"https:\/\/audilatinoamerica-contact.com\/py\/wp-json\/wp\/v2\/pages\/15\/revisions"}],"predecessor-version":[{"id":98,"href":"https:\/\/audilatinoamerica-contact.com\/py\/wp-json\/wp\/v2\/pages\/15\/revisions\/98"}],"wp:attachment":[{"href":"https:\/\/audilatinoamerica-contact.com\/py\/wp-json\/wp\/v2\/media?parent=15"}],"curies":[{"name":"wp","href":"https:\/\/api.w.org\/{rel}","templated":true}]}}