{"id":2,"date":"2024-03-14T20:21:39","date_gmt":"2024-03-14T20:21:39","guid":{"rendered":"https:\/\/audilatinoamerica-contact.com\/py\/?page_id=2"},"modified":"2024-09-12T18:32:51","modified_gmt":"2024-09-12T18:32:51","slug":"privacy","status":"publish","type":"page","link":"https:\/\/audilatinoamerica-contact.com\/py\/privacy\/","title":{"rendered":"Aviso de Privacidad"},"content":{"rendered":"\n<p>AUDI respeta su privacidad. Toda la informaci\u00f3n que usted nos proporcione se tratar\u00e1 con sumo cuidado y con la mayor seguridad posible, y s\u00f3lo se utilizar\u00e1 de acuerdo con los l\u00edmites establecidos en este documento.<\/p>\n\n\n\n<p>Por el presente se establece los t\u00e9rminos y condiciones en virtud de los cuales AUDI, responder\u00e1 individualmente de los Datos Personales que recabe, seg\u00fan lo previsto en la ley N\u00ba 1682\/01, su Reglamento y modificatoria.<\/p>\n\n\n\n<p>a) Datos generales: Nombre y apellidos, direcci\u00f3n de correo electr\u00f3nico, tel\u00e9fono, mail y ciudad.<\/p>\n\n\n\n<p>Los datos personales descritos con anterioridad, se recolectan mediante: i) el suministro voluntario y directo de tu informaci\u00f3n al momento del registro, v\u00eda correo electr\u00f3nico o cualquier otro medio; ii) el suministro voluntario del usuario informaci\u00f3n y datos personales en entrevistas presenciales o telef\u00f3nicas con nuestro personal autorizado; iii) el suministro voluntario y directo del usuario informaci\u00f3n a trav\u00e9s de las ventanas de di\u00e1logo de nuestros Sitios Web; y iv) la utilizaci\u00f3n de fuentes de acceso p\u00fablico, como las redes sociales, y de otras fuentes p\u00fablicas disponibles en el mercado.<\/p>\n\n\n\n<p>Los datos personales descritos en los p\u00e1rrafos anteriores pueden constar en distintos documentos en formato impreso o digital, tales como: identificaci\u00f3n oficial vigente (c\u00e9dula de identidad, pasaporte, o licencia de conducir), c\u00e9dula de Contribuyente, acta de matrimonio (en su caso), comprobantes de domicilio (en su caso), estados de cuenta (en su caso), y Escrituras p\u00fablicas (en su caso).<\/p>\n\n\n\n<p>El Titular manifiesta que los Datos Personales proporcionados a AUDI son veraces y actualizados, as\u00ed mismo se obliga a comunicar al Responsable cualquier modificaci\u00f3n a los Datos Personales proporcionados con la mayor brevedad posible.<\/p>\n\n\n\n<p>Para la recolecci\u00f3n, tratamiento y transferencia de los datos personales del usuario (incluyendo los financieros y patrimoniales), ni sensibles, el usuario acepta y reconoce que: i) El presente Aviso le ha sido dado a conocer al usuario por AUDI previo a la recolecci\u00f3n y\/o tratamiento de los datos personales financieros, fiscales, patrimoniales y\/o sensibles, ii) Ha le\u00eddo, entendido y acordado los t\u00e9rminos expuestos en estos T\u00e9rminos y Condiciones, iii) Derivado de lo anterior, otorga su consentimiento expreso para que tratemos y transfiramos tus datos personales, en los t\u00e9rminos del presente Contrato.<\/p>\n\n\n\n<p>El mismo tratamiento a que se refiere el presente Contrato, tendr\u00e1n los Datos Personales recabados en lo futuro, sin perjuicio de lo cual el USUARIO podr\u00e1 ejercer en cualquier momento su derecho de oposici\u00f3n.<\/p>\n\n\n\n<p>En AUDI requerimos compartir tus datos personales con Terceros con quienes tenemos celebrados convenios (proveedores, consultores, socios de marketing, empresas de investigaci\u00f3n y otros proveedores de servicios o socios comerciales), tanto en Paraguay, como en el extranjero, pues la misma es necesaria por virtud de los contratos celebrados o por celebrar en inter\u00e9s del usuario. Los terceros receptores de los datos personales, est\u00e1n obligados a mantener la confidencialidad de tus datos personales y a observar el presente Contrato. AUDI podr\u00e1 compartir tus datos personales a las diferentes empresas que pertenecen a nuestro Grupo para su tratamiento corporativo, as\u00ed como, para brindar apoyo en sus respectivas operaciones, en el entendido de que las empresas de AUDI comparten los mismos procesos y pol\u00edticas internas.<\/p>\n\n\n\n<p>AUDI conservar\u00e1 tus datos personales durante el tiempo que sea necesario para la ejecuci\u00f3n de los Servicios contratados, as\u00ed como para mantener los registros que exige la normativa vigente en materia de protecci\u00f3n de datos personales, legislaci\u00f3n tributaria, la legislaci\u00f3n civil y administrativa vigente.<\/p>\n\n\n\n<p>Los datos personales recolectados por AUDI se encuentran protegidos por medidas de seguridad administrativas, t\u00e9cnicas y f\u00edsicas adecuadas contra el da\u00f1o, p\u00e9rdida, alteraci\u00f3n, destrucci\u00f3n o uso, acceso o tratamiento no autorizados.<\/p>\n\n\n\n<p>Para solicitar la actualizaci\u00f3n, limitar el uso o divulgaci\u00f3n de sus Datos Personales, y en su caso, informarse de cualquier aspecto relacionado con el tratamiento de los mismos, puede ponerse en contacto con AUDI a trav\u00e9s del siguiente n\u00famero telef\u00f3nico +595 21 519 7500 o enviando un correo electr\u00f3nico a la direcci\u00f3n audi@diesa.com..py<\/p>\n\n\n\n<p>AUDI puede recabar datos personales a trav\u00e9s de su Sitio Web, o mediante el uso de herramientas de captura autom\u00e1tica de datos. Dentro de las herramientas de captura autom\u00e1tica de datos utilizadas por AUDI en su Sitio Web\/Aplicaci\u00f3n se encuentran las cookies, los Web Beacons, y los enlaces en los correos electr\u00f3nicos.<\/p>\n\n\n\n<p>Uso de Cookies. Una \u201cCookie\u201d es un fragmento de informaci\u00f3n de programaci\u00f3n contenida en un archivo de texto situado por un servidor web en el disco duro del internauta que lo visita con informaci\u00f3n sobre sus preferencias y pautas de navegaci\u00f3n.<\/p>\n\n\n\n<p>En la mayor\u00eda de los navegadores las cookies se aceptan autom\u00e1ticamente en virtud de su configuraci\u00f3n predeterminada, el usuario puede ajustar las preferencias de su navegador para aceptar o rechazar las cookies. La desactivaci\u00f3n de las cookies puede inhabilitar diversas funciones del Sitio Web o que no se muestren correctamente. En caso de que prefieras eliminar las cookies, puede el usuario eliminar el archivo al final de cada sesi\u00f3n del explorador.<\/p>\n\n\n\n<p>Puede gestionar las cookies modificando los par\u00e1metros de su navegador; tambi\u00e9n puede aceptar o rechazar la instalaci\u00f3n de las mismas (cada navegador tiene su propia configuraci\u00f3n).<\/p>\n\n\n\n<p>Audi le agradece que active la aceptaci\u00f3n de cookies, esto nos ayuda a obtener datos m\u00e1s precisos que nos permiten mejorar el contenido y el dise\u00f1o de nuestra p\u00e1gina web para adaptarlo a sus preferencias.<\/p>\n\n\n\n<p>Uso de Web Beacons (tambi\u00e9n conocidos como etiquetas de Internet, etiquetas de p\u00edxel y clearGIFs).<\/p>\n\n\n\n<p>El Web Beacon es una imagen electr\u00f3nica, llamada de un solo p\u00edxel (1&#215;1) o GIF que puede reconocer informaci\u00f3n que es procesada en tu computadora, como el caso de las cookies, la hora y fecha en que el sitio y sus secciones son visualizados, para ofrecerle una mejor experiencia cuando utilice nuestras plataformas digitales<\/p>\n\n\n\n<p>AUDI puede utilizar en su sitio Web y en sus correos electr\u00f3nicos con formato HTML los Web Beacons, solos o en combinaci\u00f3n con las cookies, para recopilar informaci\u00f3n sobre el uso de nuestro Sitio Web y su interacci\u00f3n con el correo electr\u00f3nico.<\/p>\n\n\n\n<p>Los correos electr\u00f3nicos que incluyen v\u00ednculos que permiten a AUDI saber si el usuario ha activado dicho v\u00ednculo y visitaste la p\u00e1gina web de destino, pudiendo esta informaci\u00f3n ser incluida en tu perfil.<\/p>\n\n\n\n<p>Toda comunicaci\u00f3n e informaci\u00f3n girada por el usuario a trav\u00e9s de Internet (servicios de mensajer\u00eda electr\u00f3nica no protegidos, redes sociales, p\u00e1ginas de internet distintas a las se\u00f1aladas expresamente por el Responsable como oficiales, o sitios web no identificados por el Responsable como propios), pueden ser objeto de intercepci\u00f3n de la informaci\u00f3n, p\u00e9rdida o posibles alteraciones en el mensaje o en los datos remitidos, en cuyo caso, el usuario no podr\u00e1 exigir a AUDI al que gira dicha comunicaci\u00f3n, indemnizaci\u00f3n por cualquier da\u00f1o resultante por la intercepci\u00f3n, sustracci\u00f3n, p\u00e9rdida o alteraci\u00f3n relacionada con dicha comunicaci\u00f3n.<\/p>\n\n\n\n<p>En caso de que el usuario haga uso de plataformas, sitios, aplicaciones o solicite los servicios de AUDI mediante el uso de dispositivos electr\u00f3nicos o proporcione sus Datos Personales por cualquiera de dichos canales (en adelante y en su conjunto los \u201cMedios Electr\u00f3nicos\u201d), el usuario entiende, acepta y reconoce que pueden incluir enlaces a sitios web de terceros ajenos al Responsable, respecto de los cuales este \u00faltimo no asume ninguna titularidad, obligaci\u00f3n o responsabilidad alguna.<\/p>\n\n\n\n<p>AUDI se reserva el derecho de actualizar la pol\u00edtica de privacidad a efecto de reflejar los cambios en nuestras pr\u00e1cticas en materia de protecci\u00f3n de datos derivados de nuestro proceso de mejora continua, as\u00ed como de los cambios legales, reglamentarios y administrativos que tengan lugar. Te invitamos a revisar peri\u00f3dicamente el contenido del Aviso de Privacidad en nuestro sitio Web, en donde publicaremos los cambios realizados conjuntamente con la fecha de la \u00faltima actualizaci\u00f3n, o a trav\u00e9s de otro medio, como por email.<\/p>\n\n\n\n<p>Su direcci\u00f3n de correo electr\u00f3nico se utilizar\u00e1 para la difusi\u00f3n de promociones y anuncios de nuestro sitio, si previamente fue autorizado por usted en su registro en www.audi.com.py<\/p>\n\n\n\n<p>Si tiene preguntas o sugerencias con respecto a nuestra pol\u00edtica de privacidad, por favor p\u00f3ngase en contacto con nosotros al:<\/p>\n\n\n\n<p>\u2022&nbsp;&nbsp;&nbsp;&nbsp;&nbsp;&nbsp;&nbsp;&nbsp;&nbsp; Tel\u00e9fono: (+595 21) 519 7500<\/p>\n\n\n\n<p>\u2022&nbsp;&nbsp;&nbsp;&nbsp;&nbsp;&nbsp;&nbsp;&nbsp;&nbsp; E-mail: audi@diesa.com.py<\/p>\n\n\n\n<p>\u2022&nbsp;&nbsp;&nbsp;&nbsp;&nbsp;&nbsp;&nbsp;&nbsp;&nbsp; Direcci\u00f3n: Avda. Eusebio Ayala Km. 4,5<\/p>\n\n\n\n<h2 class=\"wp-block-heading\"><strong>Recomendaciones generales sobre la protecci\u00f3n de la privacidad<\/strong><\/h2>\n\n\n\n<p>Usted tambi\u00e9n tiene un importante papel que desempe\u00f1ar en la protecci\u00f3n de su privacidad. Expresamente recomendamos que se desconecte del sitio de <strong>AUDI<\/strong> y que cierre la ventana de su navegador al finalizar su visita para que terceros no tengan acceso a sus datos personales, especialmente cuando utiliza computadoras p\u00fablicas o compartidas. <strong>AUDI<\/strong> no ser\u00e1 responsable en caso de que usted no tome en cuenta estas recomendaciones, ni por los da\u00f1os causados por dicho descuido.<\/p>\n\n\n\n<p>Si usted es menor de edad, solicite permiso a sus padres o tutores antes de revelar sus datos personales a cualquier persona en Internet.<\/p>\n\n\n\n<h2 class=\"wp-block-heading\"><strong>R\u00e9gimen de Responsabilidad por el Uso del Web.<\/strong><\/h2>\n\n\n\n<p>El Usuario es el \u00fanico responsable de las infracciones en las que pueda incurrir o de los perjuicios que pueda causar o causarse por la utilizaci\u00f3n del sitio Web, quedando Audi, exonerada de cualquier clase de responsabilidad que se pudiera derivar por las acciones del Usuario. El Usuario es el \u00fanico responsable frente a cualquier reclamaci\u00f3n o acci\u00f3n legal, judicial o extrajudicial, iniciada por terceras personas contra Audi basada en la utilizaci\u00f3n por el Usuario del Web.<\/p>\n\n\n\n<p>En su caso, el Usuario asumir\u00e1 cuantos gastos, costes e indemnizaciones sean irrogados a Audi con motivo de tales reclamaciones o acciones legales.<\/p>\n\n\n\n<p>Audi excluye toda responsabilidad que se pudiera derivar de interferencias, omisiones, interrupciones, virus inform\u00e1ticos, aver\u00edas telef\u00f3nicas o desconexiones en el funcionamiento operativo del sistema electr\u00f3nico, motivado por causas ajenas a Audi. As\u00ed mismo, Audi tambi\u00e9n excluye cualquier responsabilidad que pudiera derivarse por retrasos o bloqueos en el funcionamiento operativo de este sistema electr\u00f3nico causado por deficiencias o sobre carga en las l\u00edneas telef\u00f3nicas o en Internet.<\/p>\n\n\n\n<p>Audi declina toda responsabilidad respecto a la informaci\u00f3n que se halle fuera del sitio Web ya que la funci\u00f3n de los links que aparecen es \u00fanicamente la de informar al Usuario sobre la existencia de otras fuentes de informaci\u00f3n sobre un tema en concreto. Audi se exonera de toda responsabilidad por el correcto funcionamiento de tales enlaces, del resultado obtenido a trav\u00e9s de dichos enlaces, de la veracidad y licitud del contenido o informaci\u00f3n a la que se puede acceder, as\u00ed como de los perjuicios que pueda sufrir en virtud de la informaci\u00f3n encontrada en la web enlazada.<\/p>\n\n\n\n<h2 class=\"wp-block-heading\"><strong>Modificaciones de nuestra Pol\u00edtica de privacidad<\/strong><\/h2>\n\n\n\n<p><strong>AUDI<\/strong> se reserva el derecho, a su exclusiva discreci\u00f3n, de modificar, alterar, agregar o eliminar partes de estas Pol\u00edticas de privacidad \/ Avisos legales en cualquier momento. Recomendamos que examine esta pol\u00edtica cada vez que visite el sitio web de <strong>AUDI<\/strong>.<\/p>\n\n\n\n<h2 class=\"wp-block-heading\"><strong>Autorizaciones.<\/strong><\/h2>\n\n\n\n<p>Al utilizar el Sitio Web autorizo de manera expresa a AUDI a que, con el fin de realizar contactos comerciales tendientes a presentar ofertas, promociones, productos, anuncios, publicidad, oportunidades, sorteos, campa\u00f1as, programas de lealtad, fidelizaci\u00f3n, retenci\u00f3n de clientes y, en general, informaci\u00f3n de productos y servicios nuevos, ya solicitados o contratados, o no contratados pero que puedan ser de inter\u00e9s de mi inter\u00e9s; me contacte durante la vigencia de la relaci\u00f3n contractual que nos une y\/o posterior a la terminaci\u00f3n de la misma, por medio de: a) Llamadas de voz; b) Mensajes de texto o SMS; c) Mensajes con contenido multimedia (im\u00e1genes y\/o sonido); d) Radiomensajes; e) Mensajes y llamadas a trav\u00e9s de sistemas de mensajer\u00eda para smartphones (i.e. WhatsApp, Telegram, etc\u2026); f) Correos electr\u00f3nicos, y; g) Cualquier otra forma de comunicaci\u00f3n que requiera, para su realizaci\u00f3n, del n\u00famero de tel\u00e9fono m\u00f3vil del destinatario de dicha comunicaci\u00f3n. Dichos contactos podr\u00e1n ser realizados por AUDI a cualquiera de mis l\u00edneas telef\u00f3nicas y\/o correos electr\u00f3nicos informados. Asimismo, reconozco expresamente que la presente autorizaci\u00f3n la realizo en el entendimiento de que prevalecer\u00e1 sobre cualquier inscripci\u00f3n que haya hecho en la Sedeco para no recibir contenidos publicitarios en el marco de la Ley N\u00ba 5830\/2017 \u2013 Registro Nacional \u201cNo Molestar\u201d, en virtud a las excepciones previstas en el art\u00edculo 6\u00b0 de dicha ley; mientras no deje sin efecto esta autorizaci\u00f3n al Servicio de Atenci\u00f3n al Cliente de AUDI. Los contactos comerciales podr\u00e1n ser hechos de d\u00edas lunes a viernes de 8:00 a 18:00 hs.<\/p>\n\n\n\n<p>El usuario autoriza en forma irrevocable a AUDI, otorgando suficiente mandato en los t\u00e9rminos del Art. 917, inc. a) del C\u00f3digo Civil para que por propia cuenta o a trav\u00e9s de empresas especializadas de nuestro medio pueda recabar informaci\u00f3n de los Registros P\u00fablicos y\/o Privados referente a su situaci\u00f3n patrimonial, solvencia econ\u00f3mica o el cumplimiento de sus obligaciones comerciales respetando las leyes aplicables, incluida Ley&nbsp; N\u00b0 6534\/20, tal como se establece en nuestro Aviso de Privacidad. Esta autorizaci\u00f3n comprende asimismo la facultad de verificar, confirmar y\/o certificar los datos por ella declarados. La informaci\u00f3n que AUDI obtenga de estas entidades ser\u00e1 tratada en forma confidencial.<\/p>\n","protected":false},"excerpt":{"rendered":"<p>AUDI respeta su privacidad. Toda la informaci\u00f3n que usted nos proporcione se tratar\u00e1 con sumo cuidado y con la mayor seguridad posible, y s\u00f3lo se utilizar\u00e1 de acuerdo con los l\u00edmites establecidos en este documento. Por el presente se establece los t\u00e9rminos y condiciones en virtud de los cuales AUDI, responder\u00e1 individualmente de los Datos [&hellip;]<\/p>\n","protected":false},"author":1,"featured_media":0,"parent":0,"menu_order":0,"comment_status":"closed","ping_status":"closed","template":"template-legal.php","meta":{"_acf_changed":false,"footnotes":""},"class_list":["post-2","page","type-page","status-publish","hentry"],"acf":[],"yoast_head":"<!-- This site is optimized with the Yoast SEO plugin v25.1 - https:\/\/yoast.com\/wordpress\/plugins\/seo\/ -->\n<title>Aviso de Privacidad - Paraguay<\/title>\n<meta name=\"robots\" content=\"index, follow, max-snippet:-1, max-image-preview:large, max-video-preview:-1\" \/>\n<link rel=\"canonical\" href=\"https:\/\/audilatinoamerica-contact.com\/py\/privacy\/\" \/>\n<meta property=\"og:locale\" content=\"es_MX\" \/>\n<meta property=\"og:type\" content=\"article\" \/>\n<meta property=\"og:title\" content=\"Aviso de Privacidad - Paraguay\" \/>\n<meta property=\"og:description\" content=\"AUDI respeta su privacidad. Toda la informaci\u00f3n que usted nos proporcione se tratar\u00e1 con sumo cuidado y con la mayor seguridad posible, y s\u00f3lo se utilizar\u00e1 de acuerdo con los l\u00edmites establecidos en este documento. Por el presente se establece los t\u00e9rminos y condiciones en virtud de los cuales AUDI, responder\u00e1 individualmente de los Datos [&hellip;]\" \/>\n<meta property=\"og:url\" content=\"https:\/\/audilatinoamerica-contact.com\/py\/privacy\/\" \/>\n<meta property=\"og:site_name\" content=\"Paraguay\" \/>\n<meta property=\"article:modified_time\" content=\"2024-09-12T18:32:51+00:00\" \/>\n<meta name=\"twitter:card\" content=\"summary_large_image\" \/>\n<meta name=\"twitter:label1\" content=\"Tiempo de lectura\" \/>\n\t<meta name=\"twitter:data1\" content=\"10 minutos\" \/>\n<script type=\"application\/ld+json\" class=\"yoast-schema-graph\">{\"@context\":\"https:\/\/schema.org\",\"@graph\":[{\"@type\":\"WebPage\",\"@id\":\"https:\/\/audilatinoamerica-contact.com\/py\/privacy\/\",\"url\":\"https:\/\/audilatinoamerica-contact.com\/py\/privacy\/\",\"name\":\"Aviso de Privacidad - Paraguay\",\"isPartOf\":{\"@id\":\"https:\/\/audilatinoamerica-contact.com\/py\/#website\"},\"datePublished\":\"2024-03-14T20:21:39+00:00\",\"dateModified\":\"2024-09-12T18:32:51+00:00\",\"breadcrumb\":{\"@id\":\"https:\/\/audilatinoamerica-contact.com\/py\/privacy\/#breadcrumb\"},\"inLanguage\":\"es\",\"potentialAction\":[{\"@type\":\"ReadAction\",\"target\":[\"https:\/\/audilatinoamerica-contact.com\/py\/privacy\/\"]}]},{\"@type\":\"BreadcrumbList\",\"@id\":\"https:\/\/audilatinoamerica-contact.com\/py\/privacy\/#breadcrumb\",\"itemListElement\":[{\"@type\":\"ListItem\",\"position\":1,\"name\":\"Inicio\",\"item\":\"https:\/\/audilatinoamerica-contact.com\/py\/\"},{\"@type\":\"ListItem\",\"position\":2,\"name\":\"Aviso de Privacidad\"}]},{\"@type\":\"WebSite\",\"@id\":\"https:\/\/audilatinoamerica-contact.com\/py\/#website\",\"url\":\"https:\/\/audilatinoamerica-contact.com\/py\/\",\"name\":\"Paraguay\",\"description\":\"\",\"potentialAction\":[{\"@type\":\"SearchAction\",\"target\":{\"@type\":\"EntryPoint\",\"urlTemplate\":\"https:\/\/audilatinoamerica-contact.com\/py\/?s={search_term_string}\"},\"query-input\":{\"@type\":\"PropertyValueSpecification\",\"valueRequired\":true,\"valueName\":\"search_term_string\"}}],\"inLanguage\":\"es\"}]}<\/script>\n<!-- \/ Yoast SEO plugin. -->","yoast_head_json":{"title":"Aviso de Privacidad - Paraguay","robots":{"index":"index","follow":"follow","max-snippet":"max-snippet:-1","max-image-preview":"max-image-preview:large","max-video-preview":"max-video-preview:-1"},"canonical":"https:\/\/audilatinoamerica-contact.com\/py\/privacy\/","og_locale":"es_MX","og_type":"article","og_title":"Aviso de Privacidad - Paraguay","og_description":"AUDI respeta su privacidad. Toda la informaci\u00f3n que usted nos proporcione se tratar\u00e1 con sumo cuidado y con la mayor seguridad posible, y s\u00f3lo se utilizar\u00e1 de acuerdo con los l\u00edmites establecidos en este documento. Por el presente se establece los t\u00e9rminos y condiciones en virtud de los cuales AUDI, responder\u00e1 individualmente de los Datos [&hellip;]","og_url":"https:\/\/audilatinoamerica-contact.com\/py\/privacy\/","og_site_name":"Paraguay","article_modified_time":"2024-09-12T18:32:51+00:00","twitter_card":"summary_large_image","twitter_misc":{"Tiempo de lectura":"10 minutos"},"schema":{"@context":"https:\/\/schema.org","@graph":[{"@type":"WebPage","@id":"https:\/\/audilatinoamerica-contact.com\/py\/privacy\/","url":"https:\/\/audilatinoamerica-contact.com\/py\/privacy\/","name":"Aviso de Privacidad - Paraguay","isPartOf":{"@id":"https:\/\/audilatinoamerica-contact.com\/py\/#website"},"datePublished":"2024-03-14T20:21:39+00:00","dateModified":"2024-09-12T18:32:51+00:00","breadcrumb":{"@id":"https:\/\/audilatinoamerica-contact.com\/py\/privacy\/#breadcrumb"},"inLanguage":"es","potentialAction":[{"@type":"ReadAction","target":["https:\/\/audilatinoamerica-contact.com\/py\/privacy\/"]}]},{"@type":"BreadcrumbList","@id":"https:\/\/audilatinoamerica-contact.com\/py\/privacy\/#breadcrumb","itemListElement":[{"@type":"ListItem","position":1,"name":"Inicio","item":"https:\/\/audilatinoamerica-contact.com\/py\/"},{"@type":"ListItem","position":2,"name":"Aviso de Privacidad"}]},{"@type":"WebSite","@id":"https:\/\/audilatinoamerica-contact.com\/py\/#website","url":"https:\/\/audilatinoamerica-contact.com\/py\/","name":"Paraguay","description":"","potentialAction":[{"@type":"SearchAction","target":{"@type":"EntryPoint","urlTemplate":"https:\/\/audilatinoamerica-contact.com\/py\/?s={search_term_string}"},"query-input":{"@type":"PropertyValueSpecification","valueRequired":true,"valueName":"search_term_string"}}],"inLanguage":"es"}]}},"_links":{"self":[{"href":"https:\/\/audilatinoamerica-contact.com\/py\/wp-json\/wp\/v2\/pages\/2","targetHints":{"allow":["GET"]}}],"collection":[{"href":"https:\/\/audilatinoamerica-contact.com\/py\/wp-json\/wp\/v2\/pages"}],"about":[{"href":"https:\/\/audilatinoamerica-contact.com\/py\/wp-json\/wp\/v2\/types\/page"}],"author":[{"embeddable":true,"href":"https:\/\/audilatinoamerica-contact.com\/py\/wp-json\/wp\/v2\/users\/1"}],"replies":[{"embeddable":true,"href":"https:\/\/audilatinoamerica-contact.com\/py\/wp-json\/wp\/v2\/comments?post=2"}],"version-history":[{"count":3,"href":"https:\/\/audilatinoamerica-contact.com\/py\/wp-json\/wp\/v2\/pages\/2\/revisions"}],"predecessor-version":[{"id":96,"href":"https:\/\/audilatinoamerica-contact.com\/py\/wp-json\/wp\/v2\/pages\/2\/revisions\/96"}],"wp:attachment":[{"href":"https:\/\/audilatinoamerica-contact.com\/py\/wp-json\/wp\/v2\/media?parent=2"}],"curies":[{"name":"wp","href":"https:\/\/api.w.org\/{rel}","templated":true}]}}