{"id":15,"date":"2024-04-02T18:24:14","date_gmt":"2024-04-02T18:24:14","guid":{"rendered":"https:\/\/audilatinoamerica-contact.com\/sv\/?page_id=15"},"modified":"2024-11-04T18:05:41","modified_gmt":"2024-11-04T18:05:41","slug":"terms","status":"publish","type":"page","link":"https:\/\/audilatinoamerica-contact.com\/sv\/terms\/","title":{"rendered":"T\u00e9rminos y condiciones"},"content":{"rendered":"\n<h2 class=\"wp-block-heading\">Declaraci\u00f3n de consentimiento conforme a la Ley de Protecci\u00f3n de Datos<\/h2>\n\n\n\n<h2 class=\"wp-block-heading\">1. Identidad y domicilio del Responsable<\/h2>\n\n\n\n<p>Cofi\u00f1o Stahl, S.A. de C.V., marca Audi (en adelante \u201cAudi\u201d), con domicilio en Blvd. Orden de Malta #6 Santa Elena, Antiguo Cuscatl\u00e1n, La Libertad, El Salvador, es el responsable del uso y protecci\u00f3n de sus datos personales, y al respecto le informamos lo siguiente:<\/p>\n\n\n\n<h2 class=\"wp-block-heading\">2. Finalidades del tratamiento de datos que recabamos<\/h2>\n\n\n\n<p>Los datos personales que recabamos de nuestros clientes o clientes potenciales (en adelante el Usuario) los utilizaremos para las siguientes finalidades primarias que son necesarias para el servicio y\/o producto que solicita:<\/p>\n\n\n\n<h2 class=\"wp-block-heading\">a. Finalidades primarias<\/h2>\n\n\n\n<p>i. Para realizar reportes estad\u00edsticos referentes al inter\u00e9s de compra de los prospectos sobre nuestros modelos.<br>ii. Para dar seguimiento a solicitudes, reclamaciones y\/o quejas.<br>iii. Contactarlo para la atenci\u00f3n de su solicitud de inter\u00e9s de compra de un veh\u00edculo.<br>iv. Atenci\u00f3n y\/o seguimiento de promociones a trav\u00e9s de cupones digitales.<\/p>\n\n\n\n<h2 class=\"wp-block-heading\">&nbsp;b. Finalidades secundarias<\/h2>\n\n\n\n<p>i. Para enviarle informaci\u00f3n respecto a promociones, el env\u00edo de kit de bienvenida, eventos de la marca, informaci\u00f3n de nuestros socios de negocios, ofrecerle nuestros productos o servicios, pudiendo realizar acciones comerciales, de mercadotecnia, estad\u00edstica y de prospecci\u00f3n tendiente a dichas finalidades.<br>ii. Para realizar campa\u00f1as de marketing a trav\u00e9s de redes sociales (Facebook, Instagram, Twitter, Youtube), dirigidas hacia nuestros clientes y\/o prospectos.<br>En caso de que no desee que sus datos personales sean tratados para estos fines adicionales descargar &#8220;Solicitud para ejercer derechos a ARCO &#8221; y llene el formato correspondiente y env\u00edelo a la siguiente direcci\u00f3n de correo electr\u00f3nico: protecciondedatos@cofal.com.gt<\/p>\n\n\n\n<p>La negativa para el uso de sus datos personales para estas finalidades secundarias no podr\u00e1 ser un motivo para que le neguemos los servicios y productos que solicita o contrata con nosotros.<\/p>\n\n\n\n<h2 class=\"wp-block-heading\">3. Datos personales que se recaban<\/h2>\n\n\n\n<p>Para llevar a cabo las finalidades descritas en el presente aviso de privacidad, utilizaremos las siguientes categor\u00edas de datos personales:<\/p>\n\n\n\n<ul>\n<li>Datos de identificaci\u00f3n (nombre y t\u00edtulo).<\/li>\n<li>Datos de contacto (correo electr\u00f3nico y tel\u00e9fono fijo o m\u00f3vil).<\/li>\n<li>Datos sobre necesidades del producto o servicio requerido<\/li>\n<\/ul>\n\n\n\n<h2 class=\"wp-block-heading\">4. Comunicaci\u00f3n y transferencia de datos personales<\/h2>\n\n\n\n<h2 class=\"wp-block-heading\">a. Comunicaci\u00f3n<\/h2>\n\n\n\n<p>Le informamos que sus datos personales son compartidos dentro y fuera del pa\u00eds con las siguientes personas, para las finalidades primarias y secundarias descritas en el presente Aviso de Privacidad:<\/p>\n\n\n\n<ul>\n<li>Con nuestros proveedores: empresas de mercadotecnia, publicidad, agencia de redes sociales y call center.<\/li>\n<\/ul>\n\n\n\n<h2 class=\"wp-block-heading\">b. Transferencia de datos personales<\/h2>\n\n\n\n<p>Audi, podr\u00e1 transferir dentro y fuera del pa\u00eds sus datos personales recabados a las siguientes personas, asimismo podr\u00e1 transferir sus datos personales en los casos espec\u00edficamente previstos en la Ley.<br>Transferencias sin necesidad de consentimiento: Para cumplir con las finalidades primarias i, ii, iii y iv establecidas en el presente Aviso de Privacidad, Audi podr\u00e1 transferir sus datos personales recabados a las siguientes personas morales:<\/p>\n\n\n\n<ul>\n<li>Empresas controladoras, filiales y subsidiarias del Grupo Volkswagen.<\/li>\n<li>Audi AG (Alemania)<\/li>\n<li>Red de Concesionarios de la marca Audi<\/li>\n<\/ul>\n\n\n\n<h2 class=\"wp-block-heading\">Transferencias donde requerimos de su consentimiento:<\/h2>\n\n\n\n<p>Para cumplir con las finalidades secundarias i y ii establecidas en el presente Aviso de Privacidad, Audi podr\u00e1 transferir sus datos personales recabados, a las siguientes personas morales<\/p>\n\n\n\n<ul>\n<li>Audi AG (Alemania)<\/li>\n<li>Socios Comerciales Estrat\u00e9gicos que ofrecen beneficios a nuestros clientes que adquirieron un veh\u00edculo nuevo de la marca Audi.<\/li>\n<li>Facebook<\/li>\n<li>Instagram<\/li>\n<li>Google<\/li>\n<\/ul>\n\n\n\n<p>Le informamos que si Usted no manifiesta su negativa al correo electr\u00f3nico protecciondedatos@cofal.com.gt en un plazo de cinco d\u00edas naturales contados a partir de haber aceptado el presente aviso de privacidad, entenderemos que nos ha otorgado su consentimiento para las transferencias de sus datos a las personas morales mencionadas.<\/p>\n\n\n\n<h2 class=\"wp-block-heading\">5. Medios y Procedimiento para revocar el consentimiento al tratamiento de sus datos<\/h2>\n\n\n\n<p>Usted puede revocar el consentimiento que, en su caso, nos haya otorgado para el tratamiento de sus datos personales. Sin embargo, es importante que tenga en cuenta que no en todos los casos podremos atender su solicitud o concluir el uso de forma inmediata, ya que es posible que por alguna obligaci\u00f3n legal requiramos seguir tratando sus datos personales. Asimismo, Usted deber\u00e1 considerar que para ciertos fines, la revocaci\u00f3n de su consentimiento implicar\u00e1 que no le podamos seguir prestando el servicio que nos solicit\u00f3, o la conclusi\u00f3n de su relaci\u00f3n con nosotros. Para revocar su consentimiento deber\u00e1 presentar su solicitud a trav\u00e9s del siguiente medio electr\u00f3nico: protecciondedatos@cofal.com.gt<\/p>\n\n\n\n<h2 class=\"wp-block-heading\">6. Opciones y Medios para limitar el uso o divulgaci\u00f3n de sus datos<\/h2>\n\n\n\n<p>Con objeto de que usted pueda limitar el uso y divulgaci\u00f3n de su informaci\u00f3n personal, le ofrecemos los siguientes medios: Si Usted desea dejar de ser contactado para recibir publicidad o para efectos de mercadotecnia y\/o prospecci\u00f3n, puede hacerlo valer por medio del listado de exclusi\u00f3n de \u201cPersonas que no desean ser contactadas\u201d. Para mayor informaci\u00f3n enviar un correo electr\u00f3nico a la siguiente direcci\u00f3n: protecciondedatos@cofal.com.gt<\/p>\n\n\n\n<h2 class=\"wp-block-heading\">7. Uso de tecnolog\u00edas de rastreo en nuestro portal de internet<\/h2>\n\n\n\n<p>Le informamos que en nuestra p\u00e1gina de internet utilizamos cookies propias para mejorar nuestro servicio y mostrar publicidad relacionada a sus preferencias mediante el an\u00e1lisis de h\u00e1bitos de navegaci\u00f3n. Nuestra pol\u00edtica describe las cookies que usamos y c\u00f3mo puedes cambiar sus preferencias.<br>Las cookies que usamos nos permiten reconocer a los usuarios que visitan el sitio varias veces y sus datos importantes para que as\u00ed, no tengas que ingresar la misma informaci\u00f3n m\u00e1s de una vez. Nos ayudan a comprender los patrones de tr\u00e1fico de los usuarios en nuestro sitio web para que podamos optimizar la navegaci\u00f3n.<br>Podemos usar cookies para recabar informaci\u00f3n sobre el uso de nuestro sitio web. Esas cookies se pueden usar para recolectar informaci\u00f3n t\u00e9cnica detallada como la \u00faltima p\u00e1gina visitada, el n\u00famero de p\u00e1ginas visitadas, si se abrieron comunicaciones por correo electr\u00f3nico, en qu\u00e9 partes de nuestro sitio web o comunicaciones por correo electr\u00f3nico se hace clic y el intervalo de tiempo entre clics.<br>Tambi\u00e9n utilizamos cookies que hacen posibles diversas funciones de utilidad en nuestro sitio web, para brindar anuncios publicitarios m\u00e1s acordes a ti y a tus intereses. Esas cookies pueden recolectar informaci\u00f3n detallada sobre tus h\u00e1bitos de navegaci\u00f3n en nuestro sitio web. Tambi\u00e9n se pueden usar para reconocer cuando vuelvas a visitar nuestro sitio web.<\/p>\n\n\n\n<h2 class=\"wp-block-heading\">\u00bfQu\u00e9 pasa si desactivas las cookies?<\/h2>\n\n\n\n<p>Si bloqueas o borras cookies, es posible que no podamos restaurar tus preferencias o ajustes personalizados que hayas especificado antes, y estar\u00eda limitada nuestra capacidad para personalizar su experiencia en l\u00ednea.<\/p>\n\n\n\n<p>Para desactivar las cookies o cambiar la configuraci\u00f3n de su explorador por favor vaya a nuestra Pol\u00edtica de Cookies.<br>Para mayor informaci\u00f3n sobre el uso de estas tecnolog\u00edas enviar un correo electr\u00f3nico a la siguiente direcci\u00f3n: protecciondedatos@cofal.com.gt<\/p>\n\n\n\n<h2 class=\"wp-block-heading\">8. Medio por el cual Usted puede conocer los cambios en el presente Aviso de Privacidad<\/h2>\n\n\n\n<p>El presente aviso de privacidad puede sufrir modificaciones, cambios o actualizaciones derivadas de nuevos requerimientos legales; de nuestras propias necesidades por los productos o servicios que ofrecemos; de nuestras pr\u00e1cticas de privacidad; de cambios en nuestro modelo de negocio, o por otras causas. Nos comprometemos a mantenerlo informado sobre los cambios que pueda sufrir el presente aviso de privacidad, mediante su publicaci\u00f3n en nuestra p\u00e1gina de internet www.audi.com.sv<\/p>\n\n\n\n<p>V.1 \u00daltima actualizaci\u00f3n: 23 de mayo del 2022<\/p>\n","protected":false},"excerpt":{"rendered":"<p>Declaraci\u00f3n de consentimiento conforme a la Ley de Protecci\u00f3n de Datos 1. Identidad y domicilio del Responsable Cofi\u00f1o Stahl, S.A. de C.V., marca Audi (en adelante \u201cAudi\u201d), con domicilio en Blvd. Orden de Malta #6 Santa Elena, Antiguo Cuscatl\u00e1n, La Libertad, El Salvador, es el responsable del uso y protecci\u00f3n de sus datos personales, y [&hellip;]<\/p>\n","protected":false},"author":1,"featured_media":0,"parent":0,"menu_order":0,"comment_status":"closed","ping_status":"closed","template":"template-legal.php","meta":{"_acf_changed":false,"footnotes":""},"class_list":["post-15","page","type-page","status-publish","hentry"],"acf":[],"yoast_head":"<!-- This site is optimized with the Yoast SEO plugin v25.1 - https:\/\/yoast.com\/wordpress\/plugins\/seo\/ -->\n<title>T\u00e9rminos y condiciones - El Salvador<\/title>\n<meta name=\"robots\" content=\"index, follow, max-snippet:-1, max-image-preview:large, max-video-preview:-1\" \/>\n<link rel=\"canonical\" href=\"https:\/\/audilatinoamerica-contact.com\/sv\/terms\/\" \/>\n<meta property=\"og:locale\" content=\"es_MX\" \/>\n<meta property=\"og:type\" content=\"article\" \/>\n<meta property=\"og:title\" content=\"T\u00e9rminos y condiciones - El Salvador\" \/>\n<meta property=\"og:description\" content=\"Declaraci\u00f3n de consentimiento conforme a la Ley de Protecci\u00f3n de Datos 1. Identidad y domicilio del Responsable Cofi\u00f1o Stahl, S.A. de C.V., marca Audi (en adelante \u201cAudi\u201d), con domicilio en Blvd. Orden de Malta #6 Santa Elena, Antiguo Cuscatl\u00e1n, La Libertad, El Salvador, es el responsable del uso y protecci\u00f3n de sus datos personales, y [&hellip;]\" \/>\n<meta property=\"og:url\" content=\"https:\/\/audilatinoamerica-contact.com\/sv\/terms\/\" \/>\n<meta property=\"og:site_name\" content=\"El Salvador\" \/>\n<meta property=\"article:modified_time\" content=\"2024-11-04T18:05:41+00:00\" \/>\n<meta name=\"twitter:card\" content=\"summary_large_image\" \/>\n<meta name=\"twitter:label1\" content=\"Tiempo de lectura\" \/>\n\t<meta name=\"twitter:data1\" content=\"6 minutos\" \/>\n<script type=\"application\/ld+json\" class=\"yoast-schema-graph\">{\"@context\":\"https:\/\/schema.org\",\"@graph\":[{\"@type\":\"WebPage\",\"@id\":\"https:\/\/audilatinoamerica-contact.com\/sv\/terms\/\",\"url\":\"https:\/\/audilatinoamerica-contact.com\/sv\/terms\/\",\"name\":\"T\u00e9rminos y condiciones - El Salvador\",\"isPartOf\":{\"@id\":\"https:\/\/audilatinoamerica-contact.com\/sv\/#website\"},\"datePublished\":\"2024-04-02T18:24:14+00:00\",\"dateModified\":\"2024-11-04T18:05:41+00:00\",\"breadcrumb\":{\"@id\":\"https:\/\/audilatinoamerica-contact.com\/sv\/terms\/#breadcrumb\"},\"inLanguage\":\"es\",\"potentialAction\":[{\"@type\":\"ReadAction\",\"target\":[\"https:\/\/audilatinoamerica-contact.com\/sv\/terms\/\"]}]},{\"@type\":\"BreadcrumbList\",\"@id\":\"https:\/\/audilatinoamerica-contact.com\/sv\/terms\/#breadcrumb\",\"itemListElement\":[{\"@type\":\"ListItem\",\"position\":1,\"name\":\"Inicio\",\"item\":\"https:\/\/audilatinoamerica-contact.com\/sv\/\"},{\"@type\":\"ListItem\",\"position\":2,\"name\":\"T\u00e9rminos y condiciones\"}]},{\"@type\":\"WebSite\",\"@id\":\"https:\/\/audilatinoamerica-contact.com\/sv\/#website\",\"url\":\"https:\/\/audilatinoamerica-contact.com\/sv\/\",\"name\":\"El Salvador\",\"description\":\"\",\"potentialAction\":[{\"@type\":\"SearchAction\",\"target\":{\"@type\":\"EntryPoint\",\"urlTemplate\":\"https:\/\/audilatinoamerica-contact.com\/sv\/?s={search_term_string}\"},\"query-input\":{\"@type\":\"PropertyValueSpecification\",\"valueRequired\":true,\"valueName\":\"search_term_string\"}}],\"inLanguage\":\"es\"}]}<\/script>\n<!-- \/ Yoast SEO plugin. -->","yoast_head_json":{"title":"T\u00e9rminos y condiciones - El Salvador","robots":{"index":"index","follow":"follow","max-snippet":"max-snippet:-1","max-image-preview":"max-image-preview:large","max-video-preview":"max-video-preview:-1"},"canonical":"https:\/\/audilatinoamerica-contact.com\/sv\/terms\/","og_locale":"es_MX","og_type":"article","og_title":"T\u00e9rminos y condiciones - El Salvador","og_description":"Declaraci\u00f3n de consentimiento conforme a la Ley de Protecci\u00f3n de Datos 1. Identidad y domicilio del Responsable Cofi\u00f1o Stahl, S.A. de C.V., marca Audi (en adelante \u201cAudi\u201d), con domicilio en Blvd. Orden de Malta #6 Santa Elena, Antiguo Cuscatl\u00e1n, La Libertad, El Salvador, es el responsable del uso y protecci\u00f3n de sus datos personales, y [&hellip;]","og_url":"https:\/\/audilatinoamerica-contact.com\/sv\/terms\/","og_site_name":"El Salvador","article_modified_time":"2024-11-04T18:05:41+00:00","twitter_card":"summary_large_image","twitter_misc":{"Tiempo de lectura":"6 minutos"},"schema":{"@context":"https:\/\/schema.org","@graph":[{"@type":"WebPage","@id":"https:\/\/audilatinoamerica-contact.com\/sv\/terms\/","url":"https:\/\/audilatinoamerica-contact.com\/sv\/terms\/","name":"T\u00e9rminos y condiciones - El Salvador","isPartOf":{"@id":"https:\/\/audilatinoamerica-contact.com\/sv\/#website"},"datePublished":"2024-04-02T18:24:14+00:00","dateModified":"2024-11-04T18:05:41+00:00","breadcrumb":{"@id":"https:\/\/audilatinoamerica-contact.com\/sv\/terms\/#breadcrumb"},"inLanguage":"es","potentialAction":[{"@type":"ReadAction","target":["https:\/\/audilatinoamerica-contact.com\/sv\/terms\/"]}]},{"@type":"BreadcrumbList","@id":"https:\/\/audilatinoamerica-contact.com\/sv\/terms\/#breadcrumb","itemListElement":[{"@type":"ListItem","position":1,"name":"Inicio","item":"https:\/\/audilatinoamerica-contact.com\/sv\/"},{"@type":"ListItem","position":2,"name":"T\u00e9rminos y condiciones"}]},{"@type":"WebSite","@id":"https:\/\/audilatinoamerica-contact.com\/sv\/#website","url":"https:\/\/audilatinoamerica-contact.com\/sv\/","name":"El Salvador","description":"","potentialAction":[{"@type":"SearchAction","target":{"@type":"EntryPoint","urlTemplate":"https:\/\/audilatinoamerica-contact.com\/sv\/?s={search_term_string}"},"query-input":{"@type":"PropertyValueSpecification","valueRequired":true,"valueName":"search_term_string"}}],"inLanguage":"es"}]}},"_links":{"self":[{"href":"https:\/\/audilatinoamerica-contact.com\/sv\/wp-json\/wp\/v2\/pages\/15","targetHints":{"allow":["GET"]}}],"collection":[{"href":"https:\/\/audilatinoamerica-contact.com\/sv\/wp-json\/wp\/v2\/pages"}],"about":[{"href":"https:\/\/audilatinoamerica-contact.com\/sv\/wp-json\/wp\/v2\/types\/page"}],"author":[{"embeddable":true,"href":"https:\/\/audilatinoamerica-contact.com\/sv\/wp-json\/wp\/v2\/users\/1"}],"replies":[{"embeddable":true,"href":"https:\/\/audilatinoamerica-contact.com\/sv\/wp-json\/wp\/v2\/comments?post=15"}],"version-history":[{"count":3,"href":"https:\/\/audilatinoamerica-contact.com\/sv\/wp-json\/wp\/v2\/pages\/15\/revisions"}],"predecessor-version":[{"id":30,"href":"https:\/\/audilatinoamerica-contact.com\/sv\/wp-json\/wp\/v2\/pages\/15\/revisions\/30"}],"wp:attachment":[{"href":"https:\/\/audilatinoamerica-contact.com\/sv\/wp-json\/wp\/v2\/media?parent=15"}],"curies":[{"name":"wp","href":"https:\/\/api.w.org\/{rel}","templated":true}]}}