{"id":15,"date":"2024-04-02T18:25:25","date_gmt":"2024-04-02T18:25:25","guid":{"rendered":"https:\/\/audilatinoamerica-contact.com\/uy\/?page_id=15"},"modified":"2024-09-11T16:48:10","modified_gmt":"2024-09-11T16:48:10","slug":"terms","status":"publish","type":"page","link":"https:\/\/audilatinoamerica-contact.com\/uy\/terms\/","title":{"rendered":"Pol\u00edtica de uso del sitio"},"content":{"rendered":"\n<p>El presente documento tiene por objeto regular el uso de esta p\u00e1gina web (en adelante denominado como Web) que Audi Uruguay pone a disposici\u00f3n del p\u00fablico en la URL http:\/\/www.audi.com.uy. La utilizaci\u00f3n del Web por un tercero le atribuye la condici\u00f3n de Usuario.<\/p>\n\n\n\n<p>http:\/\/www.audi.com.uy puede ofrecer a trav\u00e9s del Web, servicios que podr\u00e1n someterse a unas condiciones particulares sobre las cuales se informar\u00e1 al Usuario en cada servicio concreto.<\/p>\n\n\n\n<p>Audi Uruguay se compromete a velar por la exactitud y actualidad del contenido del sitio web, incluyendo \u2014a t\u00edtulo enunciativo y seg\u00fan corresponda\u2014 los datos sobre los modelos, precios, servicios, asistencia y otros.<\/p>\n\n\n\n<p>Sin perjuicio de la asunci\u00f3n de este compromiso, Audi Uruguay no est\u00e1 en posici\u00f3n de ofrecer, ni ofrece garant\u00eda respecto a la exactitud de la informaci\u00f3n de cualquier tipo recogida en el sitio web y que por error u omisi\u00f3n sea incorrecta o haya podido quedar anticuada. Con el objetivo de minimizar los inconvenientes ocasionados por posibles errores, se recomienda la utilizaci\u00f3n de estos como orientativos.<\/p>\n\n\n\n<h2 class=\"wp-block-heading\"><strong>Uso correcto del sitio web<\/strong><\/h2>\n\n\n\n<p>El Usuario se compromete a utilizar el Web, los contenidos y servicios de conformidad con la Ley, el presente Aviso Legal, las buenas costumbres y el orden p\u00fablico. Del mismo modo, el Usuario se obliga a no utilizar el Web o los servicios que se presten a trav\u00e9s de \u00e9l con fines o efectos il\u00edcitos o contrarios al contenido del presente Aviso Legal, lesivos de los intereses o derechos de terceros, o que de cualquier forma pueda da\u00f1ar, inutilizar o deteriorar el Web o sus servicios o impedir un normal disfrute del Web por otros Usuarios.<\/p>\n\n\n\n<p>Asimismo, el Usuario se compromete expresamente a no destruir, alterar, inutilizar o, de cualquier otra forma, da\u00f1ar los datos, programas o documentos electr\u00f3nicos y dem\u00e1s que se encuentren en la Web.<\/p>\n\n\n\n<p>El Usuario se compromete a no obstaculizar el acceso de otros usuarios al servicio de acceso mediante el consumo masivo de los recursos inform\u00e1ticos a trav\u00e9s de los cuales Audi Uruguay presta el servicio, as\u00ed como realizar acciones que da\u00f1en, interrumpan o generen errores en dichos sistemas.<\/p>\n\n\n\n<p>El Usuario se compromete a no introducir programas, virus, macros, applets, controles ActiveX o cualquier otro dispositivo l\u00f3gico o secuencia de caracteres que causen o sean susceptibles de causar cualquier tipo de alteraci\u00f3n en los sistemas inform\u00e1ticos de Audi Uruguay o de terceros.<\/p>\n\n\n\n<p>El Usuario se compromete a no obtener informaciones, mensajes, gr\u00e1ficos, dibujos, archivos de sonido y\/o imagen, fotograf\u00edas, grabaciones, software y en general, cualquier clase de material accesible a trav\u00e9s del Web o de los servicios ofrecidos en el mismo.<\/p>\n\n\n\n<h2 class=\"wp-block-heading\"><strong>Propiedad Intelectual<\/strong><\/h2>\n\n\n\n<p>Todos los contenidos del Web, salvo que se indique lo contrario, son titularidad exclusiva de Audi Uruguay y, con car\u00e1cter enunciativo, que no limitativo, el dise\u00f1o gr\u00e1fico, c\u00f3digo fuente, logos, textos, ilustraciones, fotograf\u00edas, y dem\u00e1s elementos que aparecen en la Web.<\/p>\n\n\n\n<p>Igualmente, todos los nombres comerciales, marcas o signos distintivos de cualquier clase contenidos en el Web est\u00e1n protegidos por la Ley.<\/p>\n\n\n\n<p>Audi Uruguay no concede ning\u00fan tipo de licencia o autorizaci\u00f3n de uso personal al Usuario sobre sus derechos de propiedad intelectual e industrial o sobre cualquier otro derecho relacionado con su Web y los servicios ofrecidos en la misma.<\/p>\n\n\n\n<p>Por ello, el Usuario reconoce que la reproducci\u00f3n, distribuci\u00f3n, comercializaci\u00f3n o transformaci\u00f3n no autorizadas de los elementos indicados en los apartados anteriores constituye una infracci\u00f3n de los derechos de propiedad intelectual y\/o industrial de Audi Uruguay o del titular de los mismos.<\/p>\n\n\n\n<h2 class=\"wp-block-heading\"><strong>R\u00e9gimen de responsabilidad<\/strong><\/h2>\n\n\n\n<p>Responsabilidad por el Uso del Web:<\/p>\n\n\n\n<p>El Usuario es el \u00fanico responsable de las infracciones en las que pueda incurrir o de los perjuicios que pueda causar o causarse por la utilizaci\u00f3n del Web, quedando Audi Uruguay exonerada de cualquier clase de responsabilidad que se pudiera derivar por las acciones del Usuario. El Usuario es el \u00fanico responsable frente a cualquier reclamaci\u00f3n o acci\u00f3n legal, judicial o extrajudicial, iniciada por terceras personas contra Audi Uruguay basada en la utilizaci\u00f3n por el Usuario del Web. En su caso, el Usuario asumir\u00e1 cuantos gastos, costes e indemnizaciones sean irrogados a Audi Uruguay con motivo de tales reclamaciones o acciones legales.<\/p>\n\n\n\n<p>Responsabilidad por el funcionamiento del Web:<\/p>\n\n\n\n<p>Audi Uruguay excluye toda responsabilidad que se pudiera derivar de interferencias, omisiones, interrupciones, virus inform\u00e1ticos, aver\u00edas telef\u00f3nicas o desconexiones en el funcionamiento operativo del sistema electr\u00f3nico, motivado por causas ajenas a Audi Uruguay. Asimismo, Audi Uruguay tambi\u00e9n excluye cualquier responsabilidad que pudiera derivarse por retrasos o bloqueos en el funcionamiento operativo de este sistema electr\u00f3nico causado por deficiencias o sobre carga en las l\u00edneas telef\u00f3nicas o en Internet.<\/p>\n\n\n\n<p>Responsabilidad por links: Audi Uruguay declina toda responsabilidad respecto a la informaci\u00f3n que se halle fuera del Web, ya que la funci\u00f3n de los links que aparecen es \u00fanicamente la de informar al Usuario sobre la existencia de otras fuentes de informaci\u00f3n sobre un tema en concreto. Audi Uruguay se exonera de toda responsabilidad por el correcto funcionamiento de tales enlaces, del resultado obtenido a trav\u00e9s de dichos enlaces, de la veracidad y licitud del contenido o informaci\u00f3n a la que se puede acceder, as\u00ed como de los perjuicios que pueda sufrir en virtud de la informaci\u00f3n encontrada en la web enlazada.<\/p>\n\n\n\n<h2 class=\"wp-block-heading\"><strong>Legislaci\u00f3n aplicable<\/strong><\/h2>\n\n\n\n<p>Cualquier controversia surgida de la interpretaci\u00f3n o ejecuci\u00f3n del presente Aviso Legal se interpretar\u00e1 bajo la legislaci\u00f3n uruguaya.<\/p>\n","protected":false},"excerpt":{"rendered":"<p>El presente documento tiene por objeto regular el uso de esta p\u00e1gina web (en adelante denominado como Web) que Audi Uruguay pone a disposici\u00f3n del p\u00fablico en la URL http:\/\/www.audi.com.uy. La utilizaci\u00f3n del Web por un tercero le atribuye la condici\u00f3n de Usuario. http:\/\/www.audi.com.uy puede ofrecer a trav\u00e9s del Web, servicios que podr\u00e1n someterse a [&hellip;]<\/p>\n","protected":false},"author":1,"featured_media":0,"parent":0,"menu_order":0,"comment_status":"closed","ping_status":"closed","template":"template-legal.php","meta":{"_acf_changed":false,"footnotes":""},"class_list":["post-15","page","type-page","status-publish","hentry"],"acf":[],"yoast_head":"<!-- This site is optimized with the Yoast SEO plugin v25.1 - https:\/\/yoast.com\/wordpress\/plugins\/seo\/ -->\n<title>Pol\u00edtica de uso del sitio - Uruguay<\/title>\n<meta name=\"robots\" content=\"index, follow, max-snippet:-1, max-image-preview:large, max-video-preview:-1\" \/>\n<link rel=\"canonical\" href=\"https:\/\/audilatinoamerica-contact.com\/uy\/terms\/\" \/>\n<meta property=\"og:locale\" content=\"es_MX\" \/>\n<meta property=\"og:type\" content=\"article\" \/>\n<meta property=\"og:title\" content=\"Pol\u00edtica de uso del sitio - Uruguay\" \/>\n<meta property=\"og:description\" content=\"El presente documento tiene por objeto regular el uso de esta p\u00e1gina web (en adelante denominado como Web) que Audi Uruguay pone a disposici\u00f3n del p\u00fablico en la URL http:\/\/www.audi.com.uy. La utilizaci\u00f3n del Web por un tercero le atribuye la condici\u00f3n de Usuario. http:\/\/www.audi.com.uy puede ofrecer a trav\u00e9s del Web, servicios que podr\u00e1n someterse a [&hellip;]\" \/>\n<meta property=\"og:url\" content=\"https:\/\/audilatinoamerica-contact.com\/uy\/terms\/\" \/>\n<meta property=\"og:site_name\" content=\"Uruguay\" \/>\n<meta property=\"article:modified_time\" content=\"2024-09-11T16:48:10+00:00\" \/>\n<meta name=\"twitter:card\" content=\"summary_large_image\" \/>\n<meta name=\"twitter:label1\" content=\"Tiempo de lectura\" \/>\n\t<meta name=\"twitter:data1\" content=\"5 minutos\" \/>\n<script type=\"application\/ld+json\" class=\"yoast-schema-graph\">{\"@context\":\"https:\/\/schema.org\",\"@graph\":[{\"@type\":\"WebPage\",\"@id\":\"https:\/\/audilatinoamerica-contact.com\/uy\/terms\/\",\"url\":\"https:\/\/audilatinoamerica-contact.com\/uy\/terms\/\",\"name\":\"Pol\u00edtica de uso del sitio - Uruguay\",\"isPartOf\":{\"@id\":\"https:\/\/audilatinoamerica-contact.com\/uy\/#website\"},\"datePublished\":\"2024-04-02T18:25:25+00:00\",\"dateModified\":\"2024-09-11T16:48:10+00:00\",\"breadcrumb\":{\"@id\":\"https:\/\/audilatinoamerica-contact.com\/uy\/terms\/#breadcrumb\"},\"inLanguage\":\"es\",\"potentialAction\":[{\"@type\":\"ReadAction\",\"target\":[\"https:\/\/audilatinoamerica-contact.com\/uy\/terms\/\"]}]},{\"@type\":\"BreadcrumbList\",\"@id\":\"https:\/\/audilatinoamerica-contact.com\/uy\/terms\/#breadcrumb\",\"itemListElement\":[{\"@type\":\"ListItem\",\"position\":1,\"name\":\"Inicio\",\"item\":\"https:\/\/audilatinoamerica-contact.com\/uy\/\"},{\"@type\":\"ListItem\",\"position\":2,\"name\":\"Pol\u00edtica de uso del sitio\"}]},{\"@type\":\"WebSite\",\"@id\":\"https:\/\/audilatinoamerica-contact.com\/uy\/#website\",\"url\":\"https:\/\/audilatinoamerica-contact.com\/uy\/\",\"name\":\"Uruguay\",\"description\":\"\",\"potentialAction\":[{\"@type\":\"SearchAction\",\"target\":{\"@type\":\"EntryPoint\",\"urlTemplate\":\"https:\/\/audilatinoamerica-contact.com\/uy\/?s={search_term_string}\"},\"query-input\":{\"@type\":\"PropertyValueSpecification\",\"valueRequired\":true,\"valueName\":\"search_term_string\"}}],\"inLanguage\":\"es\"}]}<\/script>\n<!-- \/ Yoast SEO plugin. -->","yoast_head_json":{"title":"Pol\u00edtica de uso del sitio - Uruguay","robots":{"index":"index","follow":"follow","max-snippet":"max-snippet:-1","max-image-preview":"max-image-preview:large","max-video-preview":"max-video-preview:-1"},"canonical":"https:\/\/audilatinoamerica-contact.com\/uy\/terms\/","og_locale":"es_MX","og_type":"article","og_title":"Pol\u00edtica de uso del sitio - Uruguay","og_description":"El presente documento tiene por objeto regular el uso de esta p\u00e1gina web (en adelante denominado como Web) que Audi Uruguay pone a disposici\u00f3n del p\u00fablico en la URL http:\/\/www.audi.com.uy. La utilizaci\u00f3n del Web por un tercero le atribuye la condici\u00f3n de Usuario. http:\/\/www.audi.com.uy puede ofrecer a trav\u00e9s del Web, servicios que podr\u00e1n someterse a [&hellip;]","og_url":"https:\/\/audilatinoamerica-contact.com\/uy\/terms\/","og_site_name":"Uruguay","article_modified_time":"2024-09-11T16:48:10+00:00","twitter_card":"summary_large_image","twitter_misc":{"Tiempo de lectura":"5 minutos"},"schema":{"@context":"https:\/\/schema.org","@graph":[{"@type":"WebPage","@id":"https:\/\/audilatinoamerica-contact.com\/uy\/terms\/","url":"https:\/\/audilatinoamerica-contact.com\/uy\/terms\/","name":"Pol\u00edtica de uso del sitio - Uruguay","isPartOf":{"@id":"https:\/\/audilatinoamerica-contact.com\/uy\/#website"},"datePublished":"2024-04-02T18:25:25+00:00","dateModified":"2024-09-11T16:48:10+00:00","breadcrumb":{"@id":"https:\/\/audilatinoamerica-contact.com\/uy\/terms\/#breadcrumb"},"inLanguage":"es","potentialAction":[{"@type":"ReadAction","target":["https:\/\/audilatinoamerica-contact.com\/uy\/terms\/"]}]},{"@type":"BreadcrumbList","@id":"https:\/\/audilatinoamerica-contact.com\/uy\/terms\/#breadcrumb","itemListElement":[{"@type":"ListItem","position":1,"name":"Inicio","item":"https:\/\/audilatinoamerica-contact.com\/uy\/"},{"@type":"ListItem","position":2,"name":"Pol\u00edtica de uso del sitio"}]},{"@type":"WebSite","@id":"https:\/\/audilatinoamerica-contact.com\/uy\/#website","url":"https:\/\/audilatinoamerica-contact.com\/uy\/","name":"Uruguay","description":"","potentialAction":[{"@type":"SearchAction","target":{"@type":"EntryPoint","urlTemplate":"https:\/\/audilatinoamerica-contact.com\/uy\/?s={search_term_string}"},"query-input":{"@type":"PropertyValueSpecification","valueRequired":true,"valueName":"search_term_string"}}],"inLanguage":"es"}]}},"_links":{"self":[{"href":"https:\/\/audilatinoamerica-contact.com\/uy\/wp-json\/wp\/v2\/pages\/15","targetHints":{"allow":["GET"]}}],"collection":[{"href":"https:\/\/audilatinoamerica-contact.com\/uy\/wp-json\/wp\/v2\/pages"}],"about":[{"href":"https:\/\/audilatinoamerica-contact.com\/uy\/wp-json\/wp\/v2\/types\/page"}],"author":[{"embeddable":true,"href":"https:\/\/audilatinoamerica-contact.com\/uy\/wp-json\/wp\/v2\/users\/1"}],"replies":[{"embeddable":true,"href":"https:\/\/audilatinoamerica-contact.com\/uy\/wp-json\/wp\/v2\/comments?post=15"}],"version-history":[{"count":3,"href":"https:\/\/audilatinoamerica-contact.com\/uy\/wp-json\/wp\/v2\/pages\/15\/revisions"}],"predecessor-version":[{"id":98,"href":"https:\/\/audilatinoamerica-contact.com\/uy\/wp-json\/wp\/v2\/pages\/15\/revisions\/98"}],"wp:attachment":[{"href":"https:\/\/audilatinoamerica-contact.com\/uy\/wp-json\/wp\/v2\/media?parent=15"}],"curies":[{"name":"wp","href":"https:\/\/api.w.org\/{rel}","templated":true}]}}