{"id":2,"date":"2024-03-14T20:22:02","date_gmt":"2024-03-14T20:22:02","guid":{"rendered":"https:\/\/audilatinoamerica-contact.com\/uy\/?page_id=2"},"modified":"2024-09-11T16:52:53","modified_gmt":"2024-09-11T16:52:53","slug":"privacy","status":"publish","type":"page","link":"https:\/\/audilatinoamerica-contact.com\/uy\/privacy\/","title":{"rendered":"Aviso de privacidad"},"content":{"rendered":"\n<h2 class=\"wp-block-heading\"><strong>Pol\u00edtica de protecci\u00f3n de datos personales<\/strong><\/h2>\n\n\n\n<p>Audi Uruguay (Julio C\u00e9sar Lestido S.A.) con domicilio en Cerro Largo 1729 trata los datos de los Usuarios en cumplimiento con lo dispuesto por la normativa uruguaya de protecci\u00f3n de datos personales.<\/p>\n\n\n\n<p>Los formularios del Web solicitar\u00e1n al Usuario que declare su conformidad con el procesamiento de los datos de car\u00e1cter personal que este haya facilitado.<\/p>\n\n\n\n<p>Sin perjuicio de lo previsto en lo indicado en cada uno de los formularios de la Web, cuando el Usuario facilite sus datos de car\u00e1cter personal y otorgue expresamente su consentimiento para el procesamiento de datos, est\u00e1 autorizando expresamente a Audi Uruguay al tratamiento de sus Datos Personales para las finalidades que en los mismos se indiquen.<\/p>\n\n\n\n<p>Audi Uruguay incorporar\u00e1 los datos facilitados por el Usuario en una base de datos debidamente inscripta ante la Unidad Reguladora y de Control de Datos Personales.<\/p>\n\n\n\n<p>A efectos de cumplir con las finalidades especificadas en cada uno de los formularios Web, Audi Uruguay podr\u00e1 comunicar sus datos personales para su registro y tratamiento a las compa\u00f1\u00edas integrantes del Grupo Volkswagen y concesionarios Audi.<\/p>\n\n\n\n<p>Asimismo, Audi Uruguay, para cumplir con dichas finalidades, podr\u00e1 transferir internacionalmente sus datos a los sujetos antes definidos a Alemania e incluso a pa\u00edses considerados por la autoridad sin niveles adecuados de protecci\u00f3n como son Estados Unidos y M\u00e9xico. <\/p>\n\n\n\n<p>El Usuario podr\u00e1 ejercitar sus derechos de acceso, rectificaci\u00f3n, cancelaci\u00f3n u oposici\u00f3n, mediante el env\u00edo de un correo con acuse de recibo a la direcci\u00f3n dataprivacy@lestido.com.uy.<\/p>\n\n\n\n<h2 class=\"wp-block-heading\"><strong>Legislaci\u00f3n aplicable<\/strong><\/h2>\n\n\n\n<p>Cualquier controversia surgida de la interpretaci\u00f3n o ejecuci\u00f3n del presente Aviso Legal se interpretar\u00e1 bajo la legislaci\u00f3n uruguaya.<\/p>\n\n\n\n<h2 class=\"wp-block-heading\"><strong>Declaraci\u00f3n de conformidad con el procesamiento de datos personales seg\u00fan Ley de Protecci\u00f3n de Datos.<\/strong><\/h2>\n\n\n\n<p>La presente declaraci\u00f3n de conformidad tiene lugar voluntariamente y puede invalidarse en todo momento. Me declaro de acuerdo con que mis datos personales aqu\u00ed especificados (incluidos mi n\u00famero de tel\u00e9fono y direcci\u00f3n de correo electr\u00f3nico) sean registrados, procesados y utilizados por Audi Uruguay (Julio C\u00e9sar Lestido S.A.) para fines de atenci\u00f3n y encuestas al cliente, as\u00ed como informaci\u00f3n de corte adaptado a mi perfil como cliente (promociones, lanzamientos, novedades).<\/p>\n\n\n\n<p>En las disposiciones sobre protecci\u00f3n de datos recogidas en <a href=\"https:\/\/audilatinoamerica-contact.com\/uy\/terms\/\">https:\/\/audilatinoamerica-contact.com\/uy\/terms\/<\/a> obtendr\u00e1 m\u00e1s detalles en cuanto al registro de datos y su procesamiento.<\/p>\n","protected":false},"excerpt":{"rendered":"<p>Pol\u00edtica de protecci\u00f3n de datos personales Audi Uruguay (Julio C\u00e9sar Lestido S.A.) con domicilio en Cerro Largo 1729 trata los datos de los Usuarios en cumplimiento con lo dispuesto por la normativa uruguaya de protecci\u00f3n de datos personales. Los formularios del Web solicitar\u00e1n al Usuario que declare su conformidad con el procesamiento de los datos [&hellip;]<\/p>\n","protected":false},"author":1,"featured_media":0,"parent":0,"menu_order":0,"comment_status":"closed","ping_status":"closed","template":"template-legal.php","meta":{"_acf_changed":false,"footnotes":""},"class_list":["post-2","page","type-page","status-publish","hentry"],"acf":[],"yoast_head":"<!-- This site is optimized with the Yoast SEO plugin v25.1 - https:\/\/yoast.com\/wordpress\/plugins\/seo\/ -->\n<title>Aviso de privacidad - Uruguay<\/title>\n<meta name=\"robots\" content=\"index, follow, max-snippet:-1, max-image-preview:large, max-video-preview:-1\" \/>\n<link rel=\"canonical\" href=\"https:\/\/audilatinoamerica-contact.com\/uy\/privacy\/\" \/>\n<meta property=\"og:locale\" content=\"es_MX\" \/>\n<meta property=\"og:type\" content=\"article\" \/>\n<meta property=\"og:title\" content=\"Aviso de privacidad - Uruguay\" \/>\n<meta property=\"og:description\" content=\"Pol\u00edtica de protecci\u00f3n de datos personales Audi Uruguay (Julio C\u00e9sar Lestido S.A.) con domicilio en Cerro Largo 1729 trata los datos de los Usuarios en cumplimiento con lo dispuesto por la normativa uruguaya de protecci\u00f3n de datos personales. Los formularios del Web solicitar\u00e1n al Usuario que declare su conformidad con el procesamiento de los datos [&hellip;]\" \/>\n<meta property=\"og:url\" content=\"https:\/\/audilatinoamerica-contact.com\/uy\/privacy\/\" \/>\n<meta property=\"og:site_name\" content=\"Uruguay\" \/>\n<meta property=\"article:modified_time\" content=\"2024-09-11T16:52:53+00:00\" \/>\n<meta name=\"twitter:card\" content=\"summary_large_image\" \/>\n<meta name=\"twitter:label1\" content=\"Tiempo de lectura\" \/>\n\t<meta name=\"twitter:data1\" content=\"2 minutos\" \/>\n<script type=\"application\/ld+json\" class=\"yoast-schema-graph\">{\"@context\":\"https:\/\/schema.org\",\"@graph\":[{\"@type\":\"WebPage\",\"@id\":\"https:\/\/audilatinoamerica-contact.com\/uy\/privacy\/\",\"url\":\"https:\/\/audilatinoamerica-contact.com\/uy\/privacy\/\",\"name\":\"Aviso de privacidad - Uruguay\",\"isPartOf\":{\"@id\":\"https:\/\/audilatinoamerica-contact.com\/uy\/#website\"},\"datePublished\":\"2024-03-14T20:22:02+00:00\",\"dateModified\":\"2024-09-11T16:52:53+00:00\",\"breadcrumb\":{\"@id\":\"https:\/\/audilatinoamerica-contact.com\/uy\/privacy\/#breadcrumb\"},\"inLanguage\":\"es\",\"potentialAction\":[{\"@type\":\"ReadAction\",\"target\":[\"https:\/\/audilatinoamerica-contact.com\/uy\/privacy\/\"]}]},{\"@type\":\"BreadcrumbList\",\"@id\":\"https:\/\/audilatinoamerica-contact.com\/uy\/privacy\/#breadcrumb\",\"itemListElement\":[{\"@type\":\"ListItem\",\"position\":1,\"name\":\"Inicio\",\"item\":\"https:\/\/audilatinoamerica-contact.com\/uy\/\"},{\"@type\":\"ListItem\",\"position\":2,\"name\":\"Aviso de privacidad\"}]},{\"@type\":\"WebSite\",\"@id\":\"https:\/\/audilatinoamerica-contact.com\/uy\/#website\",\"url\":\"https:\/\/audilatinoamerica-contact.com\/uy\/\",\"name\":\"Uruguay\",\"description\":\"\",\"potentialAction\":[{\"@type\":\"SearchAction\",\"target\":{\"@type\":\"EntryPoint\",\"urlTemplate\":\"https:\/\/audilatinoamerica-contact.com\/uy\/?s={search_term_string}\"},\"query-input\":{\"@type\":\"PropertyValueSpecification\",\"valueRequired\":true,\"valueName\":\"search_term_string\"}}],\"inLanguage\":\"es\"}]}<\/script>\n<!-- \/ Yoast SEO plugin. -->","yoast_head_json":{"title":"Aviso de privacidad - Uruguay","robots":{"index":"index","follow":"follow","max-snippet":"max-snippet:-1","max-image-preview":"max-image-preview:large","max-video-preview":"max-video-preview:-1"},"canonical":"https:\/\/audilatinoamerica-contact.com\/uy\/privacy\/","og_locale":"es_MX","og_type":"article","og_title":"Aviso de privacidad - Uruguay","og_description":"Pol\u00edtica de protecci\u00f3n de datos personales Audi Uruguay (Julio C\u00e9sar Lestido S.A.) con domicilio en Cerro Largo 1729 trata los datos de los Usuarios en cumplimiento con lo dispuesto por la normativa uruguaya de protecci\u00f3n de datos personales. Los formularios del Web solicitar\u00e1n al Usuario que declare su conformidad con el procesamiento de los datos [&hellip;]","og_url":"https:\/\/audilatinoamerica-contact.com\/uy\/privacy\/","og_site_name":"Uruguay","article_modified_time":"2024-09-11T16:52:53+00:00","twitter_card":"summary_large_image","twitter_misc":{"Tiempo de lectura":"2 minutos"},"schema":{"@context":"https:\/\/schema.org","@graph":[{"@type":"WebPage","@id":"https:\/\/audilatinoamerica-contact.com\/uy\/privacy\/","url":"https:\/\/audilatinoamerica-contact.com\/uy\/privacy\/","name":"Aviso de privacidad - Uruguay","isPartOf":{"@id":"https:\/\/audilatinoamerica-contact.com\/uy\/#website"},"datePublished":"2024-03-14T20:22:02+00:00","dateModified":"2024-09-11T16:52:53+00:00","breadcrumb":{"@id":"https:\/\/audilatinoamerica-contact.com\/uy\/privacy\/#breadcrumb"},"inLanguage":"es","potentialAction":[{"@type":"ReadAction","target":["https:\/\/audilatinoamerica-contact.com\/uy\/privacy\/"]}]},{"@type":"BreadcrumbList","@id":"https:\/\/audilatinoamerica-contact.com\/uy\/privacy\/#breadcrumb","itemListElement":[{"@type":"ListItem","position":1,"name":"Inicio","item":"https:\/\/audilatinoamerica-contact.com\/uy\/"},{"@type":"ListItem","position":2,"name":"Aviso de privacidad"}]},{"@type":"WebSite","@id":"https:\/\/audilatinoamerica-contact.com\/uy\/#website","url":"https:\/\/audilatinoamerica-contact.com\/uy\/","name":"Uruguay","description":"","potentialAction":[{"@type":"SearchAction","target":{"@type":"EntryPoint","urlTemplate":"https:\/\/audilatinoamerica-contact.com\/uy\/?s={search_term_string}"},"query-input":{"@type":"PropertyValueSpecification","valueRequired":true,"valueName":"search_term_string"}}],"inLanguage":"es"}]}},"_links":{"self":[{"href":"https:\/\/audilatinoamerica-contact.com\/uy\/wp-json\/wp\/v2\/pages\/2","targetHints":{"allow":["GET"]}}],"collection":[{"href":"https:\/\/audilatinoamerica-contact.com\/uy\/wp-json\/wp\/v2\/pages"}],"about":[{"href":"https:\/\/audilatinoamerica-contact.com\/uy\/wp-json\/wp\/v2\/types\/page"}],"author":[{"embeddable":true,"href":"https:\/\/audilatinoamerica-contact.com\/uy\/wp-json\/wp\/v2\/users\/1"}],"replies":[{"embeddable":true,"href":"https:\/\/audilatinoamerica-contact.com\/uy\/wp-json\/wp\/v2\/comments?post=2"}],"version-history":[{"count":7,"href":"https:\/\/audilatinoamerica-contact.com\/uy\/wp-json\/wp\/v2\/pages\/2\/revisions"}],"predecessor-version":[{"id":104,"href":"https:\/\/audilatinoamerica-contact.com\/uy\/wp-json\/wp\/v2\/pages\/2\/revisions\/104"}],"wp:attachment":[{"href":"https:\/\/audilatinoamerica-contact.com\/uy\/wp-json\/wp\/v2\/media?parent=2"}],"curies":[{"name":"wp","href":"https:\/\/api.w.org\/{rel}","templated":true}]}}